{"id":11999,"date":"2024-10-06T09:54:34","date_gmt":"2024-10-06T07:54:34","guid":{"rendered":"https:\/\/www.astuce-credit.be\/?page_id=11999"},"modified":"2025-12-14T13:47:13","modified_gmt":"2025-12-14T12:47:13","slug":"assurances","status":"publish","type":"page","link":"https:\/\/www.astuce-credit.be\/fr\/assurances\/","title":{"rendered":"Assurances"},"content":{"rendered":"\t\t<div data-elementor-type=\"wp-page\" data-elementor-id=\"11999\" class=\"elementor elementor-11999\" data-elementor-post-type=\"page\">\n\t\t\t\t<div class=\"elementor-element elementor-element-6263341b e-flex e-con-boxed e-con e-parent\" data-id=\"6263341b\" data-element_type=\"container\" data-e-type=\"container\">\n\t\t\t\t\t<div class=\"e-con-inner\">\n\t\t\t\t<div class=\"elementor-element elementor-element-27331102 elementor-widget elementor-widget-text-editor\" data-id=\"27331102\" data-element_type=\"widget\" data-e-type=\"widget\" data-widget_type=\"text-editor.default\">\n\t\t\t\t\t\t\t\t\t<h1>Assurances : Prot\u00e9gez ce qui compte vraiment<\/h1>\n<p><\/p>\n<div data-pm-slice=\"2 2 []\">\n<p>Chez Astuce Cr\u00e9dit, nous savons qu\u2019une assurance, ce n\u2019est pas qu\u2019un contrat. C\u2019est une promesse. Celle de vous prot\u00e9ger, vous, votre famille ou votre activit\u00e9. Nous vous proposons des <strong>assurances claires, efficaces et adapt\u00e9es \u00e0 vos besoins<\/strong>, que vous soyez un particulier ou un professionnel.<\/p>\n<p>Astuce Cr\u00e9dit est une soci\u00e9t\u00e9 de courtage en cr\u00e9dit et en assurance bas\u00e9e \u00e0 Modave dans la province de Li\u00e8ge en Wallonie, reconnue pour la confiance de ses clients et la qualit\u00e9 de sa relation de proximit\u00e9.<\/p>\n<p>Nous mettons en avant la fiabilit\u00e9 et la simplicit\u00e9 de nos services, avec un accompagnement personnalis\u00e9.<\/p>\n<\/div>\n<p><span style=\"font-family: -apple-system, BlinkMacSystemFont, 'Segoe UI', Roboto, 'Helvetica Neue', Arial, 'Noto Sans', sans-serif, 'Apple Color Emoji', 'Segoe UI Emoji', 'Segoe UI Symbol', 'Noto Color Emoji';\">Aper\u00e7u de nos principales formules d\u2019assurance : <b>assurance auto<\/b>, <b>assurance habitation<\/b>, <b>assurance familiale<\/b> (vie priv\u00e9e)\u00a0<b>assurance obs\u00e8ques<\/b> et assurance de\u00a0<b>responsabilit\u00e9 civile<\/b>.<\/span><\/p>\n<p><span style=\"font-family: -apple-system, BlinkMacSystemFont, 'Segoe UI', Roboto, 'Helvetica Neue', Arial, 'Noto Sans', sans-serif, 'Apple Color Emoji', 'Segoe UI Emoji', 'Segoe UI Symbol', 'Noto Color Emoji';\">Cet aper\u00e7u vous permet de comparer rapidement les options et de choisir la couverture la plus adapt\u00e9e \u00e0 votre situation<\/span>.<\/p>\n<p><\/p>\n<p><\/p>\t\t\t\t\t\t\t\t<\/div>\n\t\t\t\t<div class=\"elementor-element elementor-element-2a52f09 elementor-widget elementor-widget-text-editor\" data-id=\"2a52f09\" data-element_type=\"widget\" data-e-type=\"widget\" data-widget_type=\"text-editor.default\">\n\t\t\t\t\t\t\t\t\t<ul>\n<li><a href=\"#professionnels\">Voir nos solutions pour les professionnels<\/a><\/li>\n<li><a href=\"#particuliers\">Voir nos solutions pour les particuliers<\/a><\/li>\n<\/ul>\t\t\t\t\t\t\t\t<\/div>\n\t\t\t\t<div class=\"elementor-element elementor-element-9fb20ac elementor-widget elementor-widget-heading\" data-id=\"9fb20ac\" data-element_type=\"widget\" data-e-type=\"widget\" data-widget_type=\"heading.default\">\n\t\t\t\t\t<h2 class=\"elementor-heading-title elementor-size-default\">Introduction aux assurances<\/h2>\t\t\t\t<\/div>\n\t\t\t\t<div class=\"elementor-element elementor-element-57e2bd8 elementor-widget elementor-widget-text-editor\" data-id=\"57e2bd8\" data-element_type=\"widget\" data-e-type=\"widget\" data-widget_type=\"text-editor.default\">\n\t\t\t\t\t\t\t\t\t<div data-pm-slice=\"2 2 []\">\n<p data-pm-slice=\"1 1 [&quot;contentOptimizer&quot;,{&quot;suggestionId&quot;:&quot;63ef3464-d02c-4f8b-a205-e0dadc35fdd3-newSection&quot;,&quot;state&quot;:&quot;written&quot;}]\">L\u2019assurance fait partie int\u00e9grante de notre quotidien et joue un r\u00f4le cl\u00e9 pour prot\u00e9ger ce qui compte vraiment. Que vous soyez propri\u00e9taire ou locataire, que vous utilisiez une voiture, une moto ou un v\u00e9lo, chaque situation comporte ses propres risques et impr\u00e9vus. Les produits d\u2019assurance sont con\u00e7us pour offrir une protection adapt\u00e9e \u00e0 chaque aspect de votre vie : votre habitation, votre v\u00e9hicule, votre sant\u00e9 ou encore vos d\u00e9placements. En fonction de votre situation personnelle, de votre fonction ou de votre mode de vie, il existe des solutions sur mesure pour s\u00e9curiser vos biens et votre avenir. Les compagnies d\u2019assurance en Belgique, comme Beobank, P&amp;V ou Ethias, proposent une large gamme d\u2019offres pour r\u00e9pondre \u00e0 tous les besoins, que vous soyez un jeune actif, une famille ou un professionnel. Choisir la bonne assurance, c\u2019est anticiper les al\u00e9as de la vie et garantir la s\u00e9r\u00e9nit\u00e9 de votre quotidien.<\/p>\n<\/div>\n<p><\/p>\n<p><\/p>\t\t\t\t\t\t\t\t<\/div>\n\t\t\t\t<div class=\"elementor-element elementor-element-398b56b elementor-widget elementor-widget-heading\" data-id=\"398b56b\" data-element_type=\"widget\" data-e-type=\"widget\" id=\"professionnels\" data-widget_type=\"heading.default\">\n\t\t\t\t\t<h2 class=\"elementor-heading-title elementor-size-default\">Nos assurances pour les professionnels<\/h2>\t\t\t\t<\/div>\n\t\t<div class=\"elementor-element elementor-element-1d22e48 e-grid e-con-full e-con e-child\" data-id=\"1d22e48\" data-element_type=\"container\" data-e-type=\"container\">\n\t\t\t\t<\/div>\n\t\t\t\t\t<\/div>\n\t\t\t\t<\/div>\n\t\t<div class=\"elementor-element elementor-element-5baffe5 e-flex e-con-boxed e-con e-parent\" data-id=\"5baffe5\" data-element_type=\"container\" data-e-type=\"container\">\n\t\t\t\t\t<div class=\"e-con-inner\">\n\t\t\t\t<div class=\"elementor-element elementor-element-6f03f29 elementor-widget elementor-widget-heading\" data-id=\"6f03f29\" data-element_type=\"widget\" data-e-type=\"widget\" id=\"particuliers\" data-widget_type=\"heading.default\">\n\t\t\t\t\t<h2 class=\"elementor-heading-title elementor-size-default\">Nos assurances pour les particuliers<\/h2>\t\t\t\t<\/div>\n\t\t<div class=\"elementor-element elementor-element-a572496 e-grid e-con-full e-con e-child\" data-id=\"a572496\" data-element_type=\"container\" data-e-type=\"container\">\n\t\t\t\t<\/div>\n\t\t\t\t\t<\/div>\n\t\t\t\t<\/div>\n\t\t<div class=\"elementor-element elementor-element-1dd701a e-flex e-con-boxed e-con e-parent\" data-id=\"1dd701a\" data-element_type=\"container\" data-e-type=\"container\">\n\t\t\t\t\t<div class=\"e-con-inner\">\n\t\t\t\t<div class=\"elementor-element elementor-element-76ec58c elementor-widget elementor-widget-heading\" data-id=\"76ec58c\" data-element_type=\"widget\" data-e-type=\"widget\" data-widget_type=\"heading.default\">\n\t\t\t\t\t<h2 class=\"elementor-heading-title elementor-size-default\">Pourquoi choisir une assurance ?<\/h2>\t\t\t\t<\/div>\n\t\t\t\t<div class=\"elementor-element elementor-element-593086f elementor-widget elementor-widget-text-editor\" data-id=\"593086f\" data-element_type=\"widget\" data-e-type=\"widget\" data-widget_type=\"text-editor.default\">\n\t\t\t\t\t\t\t\t\t<p data-start=\"2023\" data-end=\"2258\"><strong style=\"font-family: -apple-system, BlinkMacSystemFont, 'Segoe UI', Roboto, 'Helvetica Neue', Arial, 'Noto Sans', sans-serif, 'Apple Color Emoji', 'Segoe UI Emoji', 'Segoe UI Symbol', 'Noto Color Emoji';\">Une assurance, c\u2019est une s\u00e9curit\u00e9. <\/strong><span style=\"font-family: -apple-system, BlinkMacSystemFont, 'Segoe UI', Roboto, 'Helvetica Neue', Arial, 'Noto Sans', sans-serif, 'Apple Color Emoji', 'Segoe UI Emoji', 'Segoe UI Symbol', 'Noto Color Emoji';\">Elle vous aide \u00e0 surmonter les coups durs sans vous mettre en danger financi\u00e8rement. Parmi les principales raisons de souscrire une assurance, on retrouve la couverture des co\u00fbts impr\u00e9vus, la protection contre les accidents, les d\u00e9g\u00e2ts, les litiges, et la simplification des d\u00e9marches en cas de probl\u00e8me. En cas d\u2019accident, de d\u00e9g\u00e2t ou de litige, <\/span><strong style=\"font-family: -apple-system, BlinkMacSystemFont, 'Segoe UI', Roboto, 'Helvetica Neue', Arial, 'Noto Sans', sans-serif, 'Apple Color Emoji', 'Segoe UI Emoji', 'Segoe UI Symbol', 'Noto Color Emoji';\">vous \u00eates prot\u00e9g\u00e9.<\/strong><span style=\"font-family: -apple-system, BlinkMacSystemFont, 'Segoe UI', Roboto, 'Helvetica Neue', Arial, 'Noto Sans', sans-serif, 'Apple Color Emoji', 'Segoe UI Emoji', 'Segoe UI Symbol', 'Noto Color Emoji';\"> Vous ne devez pas tout payer de votre poche. Il n\u2019y a rien \u00e0 craindre lorsque vous \u00eates bien couvert par une assurance.<\/span><\/p>\n<h3 data-pm-slice=\"1 1 [&quot;contentOptimizer&quot;,{&quot;suggestionId&quot;:&quot;6ff91213-e971-4344-9eac-db2c2a5d48da-heading&quot;,&quot;state&quot;:&quot;alreadyOptimized&quot;}]\"><strong>\u00c0 quoi sert une assurance ?<\/strong><\/h3>\n<div data-pm-slice=\"4 2 []\">\n<ul>\n<li>\n<p>\u00c0 <strong>pr\u00e9venir les pertes financi\u00e8res<\/strong> majeures<\/p>\n<\/li>\n<li>\n<p>\u00c0 <strong>rassurer votre entourage<\/strong><\/p>\n<\/li>\n<li>\n<p>\u00c0 <strong>vous concentrer sur votre vie<\/strong>, pas sur les impr\u00e9vus<\/p>\n<\/li>\n<li>\n<p>\u00c0 <strong>assurer vos droits<\/strong>, m\u00eame quand la situation se complique<\/p>\n<\/li>\n<\/ul>\n<p>N&rsquo;h\u00e9sitez pas \u00e0 poser toutes vos questions pour clarifier vos choix d\u2019assurances et mieux comprendre les diff\u00e9rentes options qui s\u2019offrent \u00e0 vous.<\/p>\n<\/div>\t\t\t\t\t\t\t\t<\/div>\n\t\t\t\t\t<\/div>\n\t\t\t\t<\/div>\n\t\t<div class=\"elementor-element elementor-element-f44cd1d e-flex e-con-boxed e-con e-parent\" data-id=\"f44cd1d\" data-element_type=\"container\" data-e-type=\"container\">\n\t\t\t\t\t<div class=\"e-con-inner\">\n\t\t\t\t<div class=\"elementor-element elementor-element-ca647c2 elementor-widget elementor-widget-heading\" data-id=\"ca647c2\" data-element_type=\"widget\" data-e-type=\"widget\" data-widget_type=\"heading.default\">\n\t\t\t\t\t<h2 class=\"elementor-heading-title elementor-size-default\">Conseils pour choisir une assurance<\/h2>\t\t\t\t<\/div>\n\t\t\t\t<div class=\"elementor-element elementor-element-ce75b5e elementor-widget elementor-widget-text-editor\" data-id=\"ce75b5e\" data-element_type=\"widget\" data-e-type=\"widget\" data-widget_type=\"text-editor.default\">\n\t\t\t\t\t\t\t\t\t<div data-pm-slice=\"2 2 []\">\n<p>Trouver l\u2019assurance qui vous correspond demande de bien cerner vos besoins et votre situation. Commencez par identifier les protections indispensables : une assurance responsabilit\u00e9 civile est essentielle pour couvrir les dommages que vous pourriez causer \u00e0 autrui, tandis qu\u2019une assurance auto est obligatoire si vous poss\u00e9dez une voiture. Si vous \u00eates locataire, l\u2019assurance locataire prot\u00e8ge votre logement et vos biens contre les sinistres. Les amateurs de moto ou de v\u00e9lo peuvent \u00e9galement opter pour des formules sp\u00e9cifiques adapt\u00e9es \u00e0 leur mobilit\u00e9.<\/p>\n<p>Avant de souscrire, prenez le temps de comparer les offres disponibles sur le march\u00e9. Analysez les conditions de chaque contrat, les garanties incluses, les exclusions, ainsi que le montant des frais et des franchises. V\u00e9rifiez que la couverture propos\u00e9e correspond bien \u00e0 votre situation et \u00e0 vos attentes, que ce soit pour une assurance habitation, une assurance auto ou une assurance moto. N\u2019h\u00e9sitez pas \u00e0 demander des devis personnalis\u00e9s et \u00e0 consulter un expert pour obtenir des informations claires sur les diff\u00e9rentes formules.<\/p>\n<p>Enfin, lisez attentivement chaque d\u00e9tail du contrat avant de signer : cela vous \u00e9vitera les mauvaises surprises en cas de sinistre. Une bonne assurance, c\u2019est celle qui s\u2019adapte \u00e0 votre vie, \u00e0 votre budget et \u00e0 vos besoins, tout en vous offrant la tranquillit\u00e9 d\u2019esprit au quotidien<\/p>\n<\/div>\t\t\t\t\t\t\t\t<\/div>\n\t\t\t\t\t<\/div>\n\t\t\t\t<\/div>\n\t\t<div class=\"elementor-element elementor-element-3a3bda8 e-flex e-con-boxed e-con e-parent\" data-id=\"3a3bda8\" data-element_type=\"container\" data-e-type=\"container\">\n\t\t\t\t\t<div class=\"e-con-inner\">\n\t\t\t\t<div class=\"elementor-element elementor-element-22478ed elementor-widget elementor-widget-heading\" data-id=\"22478ed\" data-element_type=\"widget\" data-e-type=\"widget\" data-widget_type=\"heading.default\">\n\t\t\t\t\t<h2 class=\"elementor-heading-title elementor-size-default\">Nos assurances en d\u00e9tail<\/h2>\t\t\t\t<\/div>\n\t\t\t\t<div class=\"elementor-element elementor-element-15cba41 elementor-widget elementor-widget-text-editor\" data-id=\"15cba41\" data-element_type=\"widget\" data-e-type=\"widget\" data-widget_type=\"text-editor.default\">\n\t\t\t\t\t\t\t\t\t<h3 data-pm-slice=\"2 2 []\"><strong>Assurance Auto<\/strong><\/h3>\n<p>L\u2019assurance automobile est obligatoire en Belgique. Elle couvre les dommages que vous causez \u00e0 autrui. Il est essentiel de bien choisir une assurance automobile adapt\u00e9e \u00e0 votre v\u00e9hicule afin de garantir une protection optimale, notamment selon le type de moteur et vos besoins sp\u00e9cifiques. Avec nos formules \u00e9largies, vous prot\u00e9gez aussi <strong>votre v\u00e9hicule<\/strong>, <strong>vos passagers<\/strong> et <strong>vous-m\u00eame<\/strong>.<\/p>\n<p>Pour circuler sur la route, il est n\u00e9cessaire de disposer d\u2019une carte verte, qui atteste que votre v\u00e9hicule est assur\u00e9. Cette carte verte comporte un num\u00e9ro d\u2019identification unique, indispensable en cas de contr\u00f4le ou de sinistre, et elle est \u00e9galement requise pour les d\u00e9placements internationaux.<\/p>\n<p><strong>Vous \u00eates couvert en cas de :<\/strong><\/p>\n<ul>\n<li>\n<p>Collision, incendie, vol<\/p>\n<\/li>\n<li>\n<p>Bris de glace, heurts avec des animaux<\/p>\n<\/li>\n<li>\n<p>Assistance 24\/7 en cas de panne<\/p>\n<\/li>\n<\/ul>\n<p>Nos assurances s\u2019adaptent \u00e0 tous vos modes de d\u00e9placement, que ce soit en voiture, moto ou cyclomoteur, afin de garantir votre s\u00e9r\u00e9nit\u00e9 lors de chaque d\u00e9placement sur la route.<\/p>\n<blockquote>\n<p>\ud83d\udc49 Possibilit\u00e9 d\u2019ajouter des options : v\u00e9hicule de remplacement, omnium partielle ou compl\u00e8te, personnalisation de la couverture selon le type de moteur et vos habitudes de d\u00e9placement.<\/p>\n<\/blockquote>\n<h3><strong>Assurance Incendie (habitation)<\/strong><\/h3>\n<p>Une maison ou un appartement, c\u2019est plus qu\u2019un bien. C\u2019est un refuge. Notre assurance habitation couvre tous les c\u00f4t\u00e9s de la s\u00e9curit\u00e9 de votre logement, en vous accompagnant pour prot\u00e9ger chaque aspect, que ce soit les dommages, la responsabilit\u00e9 ou les services compl\u00e9mentaires. Elle couvre les <strong>dommages caus\u00e9s \u00e0 votre logement<\/strong> (incendie, explosion, d\u00e9g\u00e2ts des eaux\u2026) mais aussi <strong>aux biens que vous aimez.<\/strong><\/p>\n<p><strong>Elle prot\u00e8ge contre :<\/strong><\/p>\n<ul>\n<li>\n<p>Incendies, fuites, infiltrations<\/p>\n<\/li>\n<li>\n<p>Temp\u00eates, catastrophes naturelles<\/p>\n<\/li>\n<li>\n<p>Vandalisme, cambriolage<\/p>\n<\/li>\n<\/ul>\n<blockquote>\n<p>\ud83d\udc49\u00a0Inclut la responsabilit\u00e9 du locataire ou du propri\u00e9taire selon votre situation.<\/p>\n<\/blockquote>\n<p>En cas de sinistre habitation, il est important de suivre plusieurs \u00e9tapes : s\u00e9curiser les lieux, d\u00e9clarer le sinistre \u00e0 votre assureur dans les d\u00e9lais, rassembler les justificatifs n\u00e9cessaires et suivre les instructions pour l\u2019indemnisation.<\/p>\n<h3><strong>Assurance Familiale (RC vie priv\u00e9e)<\/strong><\/h3>\n<p>Un v\u00e9lo renvers\u00e9, un ballon dans la vitre du voisin, un accident caus\u00e9 par votre chien\u2026 Ce sont des petits incidents, mais les cons\u00e9quences peuvent \u00eatre grandes.<\/p>\n<p><strong>L\u2019assurance RC Vie Priv\u00e9e<\/strong> couvre tous les membres de votre famille <strong>pour les dommages que vous pourriez causer \u00e0 d\u2019autres<\/strong>, m\u00eame \u00e0 l\u2019\u00e9tranger.<\/p>\n<p><strong>Exemples concrets :<\/strong><\/p>\n<ul>\n<li>\n<p>Votre enfant casse un objet chez des amis<\/p>\n<\/li>\n<li>\n<p>Vous blessez accidentellement quelqu\u2019un en faisant du sport<\/p>\n<\/li>\n<li>\n<p>Votre animal provoque un accident<\/p>\n<\/li>\n<\/ul>\n<h3><strong>Assurance Protection Juridique<\/strong><\/h3>\n<p>Vous avez un conflit avec un voisin, un employeur ou une soci\u00e9t\u00e9 ? Un probl\u00e8me de contrat, une contestation ?<\/p>\n<p><strong>Notre assurance protection juridique<\/strong> vous donne acc\u00e8s \u00e0 :<\/p>\n<ul>\n<li>\n<p>Des conseils juridiques fiables<\/p>\n<\/li>\n<li>\n<p>Une prise en charge des frais d\u2019avocat<\/p>\n<\/li>\n<li>\n<p>Un accompagnement jusqu\u2019au tribunal si n\u00e9cessaire<\/p>\n<\/li>\n<\/ul>\n<blockquote>\n<p>\ud83d\udc49\u00a0Elle couvre aussi les litiges li\u00e9s \u00e0 l\u2019habitation, \u00e0 l\u2019automobile ou \u00e0 la consommation.Assurances pour professionnels : une protection indispensable<\/p>\n<\/blockquote>\n<h3><strong>Assurance flotte et v\u00e9hicules professionnels<\/strong><\/h3>\n<p>G\u00e9rez vos v\u00e9hicules en toute tranquillit\u00e9.<br \/>Vous avez une voiture de soci\u00e9t\u00e9, un utilitaire ou une flotte ? Notre assurance s\u2019adapte \u00e0 votre activit\u00e9.<\/p>\n<p><strong>Elle couvre :<\/strong><\/p>\n<ul>\n<li>\n<p>RC obligatoire<\/p>\n<\/li>\n<li>\n<p>Dommages propres<\/p>\n<\/li>\n<li>\n<p>Vol, incendie, vandalisme<\/p>\n<\/li>\n<li>\n<p>Conducteurs multiples<\/p>\n<\/li>\n<\/ul>\n<h3><strong>Assurance b\u00e2timent professionnel<\/strong><\/h3>\n<p>Prot\u00e9gez vos murs, votre mat\u00e9riel et votre activit\u00e9.<br \/>Un d\u00e9g\u00e2t peut mettre \u00e0 l\u2019arr\u00eat votre entreprise. Cette assurance limite vos pertes et <strong>vous permet de reprendre rapidement.<\/strong><\/p>\n<p><strong>Exemples de risques couverts :<\/strong><\/p>\n<ul>\n<li>\n<p>Incendie, explosion<\/p>\n<\/li>\n<li>\n<p>Inondation, temp\u00eate<\/p>\n<\/li>\n<li>\n<p>D\u00e9g\u00e2ts \u00e9lectriques ou techniques<\/p>\n<\/li>\n<\/ul>\n<h3><strong>Responsabilit\u00e9 Civile Professionnelle<\/strong><\/h3>\n<p>Une erreur dans un devis. Une faute de conseil. Un produit d\u00e9fectueux.<br \/>Tout cela peut vous co\u00fbter cher si vous n\u2019\u00eates pas couvert.<\/p>\n<p><strong>La RC Pro vous prot\u00e8ge contre :<\/strong><\/p>\n<ul>\n<li>\n<p>Les fautes professionnelles<\/p>\n<\/li>\n<li>\n<p>Les pr\u00e9judices caus\u00e9s \u00e0 des tiers<\/p>\n<\/li>\n<li>\n<p>Les frais de d\u00e9fense et de r\u00e9paration<\/p>\n<\/li>\n<\/ul>\n<blockquote>\n<p>\ud83d\udc49\u00a0Indispensable pour les professions lib\u00e9rales, ind\u00e9pendants, consultants, etc.<\/p>\n<\/blockquote>\n<h3><strong>Protection juridique pour entreprise<\/strong><\/h3>\n<p>Les entreprises aussi ont besoin de faire respecter leurs droits.<br \/>En cas de conflit commercial, de litige avec un client ou un fournisseur, vous n\u2019\u00eates pas seul.<\/p>\n<p><strong>Cette assurance comprend :<\/strong><\/p>\n<ul>\n<li>\n<p>Aide juridique sp\u00e9cialis\u00e9e<\/p>\n<\/li>\n<li>\n<p>Intervention d\u2019avocats<\/p>\n<\/li>\n<li>\n<p>D\u00e9fense en justice<\/p>\n<\/li>\n<\/ul>\t\t\t\t\t\t\t\t<\/div>\n\t\t\t\t\t<\/div>\n\t\t\t\t<\/div>\n\t\t\t\t<\/div>\n\t\t","protected":false},"excerpt":{"rendered":"<p>Assurances : Prot\u00e9gez ce qui compte vraiment Chez Astuce Cr\u00e9dit, nous savons qu\u2019une assurance, ce n\u2019est pas qu\u2019un contrat. C\u2019est une promesse. Celle de vous prot\u00e9ger, vous, votre famille ou votre activit\u00e9. Nous vous proposons des assurances claires, efficaces et adapt\u00e9es \u00e0 vos besoins, que vous soyez un particulier ou un professionnel. Astuce Cr\u00e9dit est [&hellip;]<\/p>\n","protected":false},"author":1,"featured_media":0,"parent":0,"menu_order":0,"comment_status":"closed","ping_status":"closed","template":"","meta":{"footnotes":""},"class_list":["post-11999","page","type-page","status-publish","hentry"],"_links":{"self":[{"href":"https:\/\/www.astuce-credit.be\/fr\/wp-json\/wp\/v2\/pages\/11999","targetHints":{"allow":["GET"]}}],"collection":[{"href":"https:\/\/www.astuce-credit.be\/fr\/wp-json\/wp\/v2\/pages"}],"about":[{"href":"https:\/\/www.astuce-credit.be\/fr\/wp-json\/wp\/v2\/types\/page"}],"author":[{"embeddable":true,"href":"https:\/\/www.astuce-credit.be\/fr\/wp-json\/wp\/v2\/users\/1"}],"replies":[{"embeddable":true,"href":"https:\/\/www.astuce-credit.be\/fr\/wp-json\/wp\/v2\/comments?post=11999"}],"version-history":[{"count":0,"href":"https:\/\/www.astuce-credit.be\/fr\/wp-json\/wp\/v2\/pages\/11999\/revisions"}],"wp:attachment":[{"href":"https:\/\/www.astuce-credit.be\/fr\/wp-json\/wp\/v2\/media?parent=11999"}],"curies":[{"name":"wp","href":"https:\/\/api.w.org\/{rel}","templated":true}]}}