{"id":733,"date":"2024-06-19T15:47:27","date_gmt":"2024-06-19T15:47:27","guid":{"rendered":"https:\/\/www.astuce-credit.be\/?page_id=733"},"modified":"2024-08-24T11:12:06","modified_gmt":"2024-08-24T09:12:06","slug":"partenaires","status":"publish","type":"page","link":"https:\/\/www.astuce-credit.be\/fr\/partenaires\/","title":{"rendered":"Partenaires"},"content":{"rendered":"\t\t<div data-elementor-type=\"wp-page\" data-elementor-id=\"733\" class=\"elementor elementor-733\" data-elementor-post-type=\"page\">\n\t\t\t\t<div class=\"elementor-element elementor-element-7d27856 e-flex e-con-boxed e-con e-parent\" data-id=\"7d27856\" data-element_type=\"container\" data-e-type=\"container\">\n\t\t\t\t\t<div class=\"e-con-inner\">\n\t\t<div class=\"elementor-element elementor-element-321b558 e-con-full e-flex e-con e-child\" data-id=\"321b558\" data-element_type=\"container\" data-e-type=\"container\">\n\t\t\t\t<div class=\"elementor-element elementor-element-a0b647d ariane elementor-widget elementor-widget-shortcode\" data-id=\"a0b647d\" data-element_type=\"widget\" data-e-type=\"widget\" data-widget_type=\"shortcode.default\">\n\t\t\t\t\t\t\t<div class=\"elementor-shortcode\">[aioseo_breadcrumbs]<\/div>\n\t\t\t\t\t\t<\/div>\n\t\t\t\t<div class=\"elementor-element elementor-element-4a4ec1b elementor-widget__width-inherit elementor-widget elementor-widget-heading\" data-id=\"4a4ec1b\" data-element_type=\"widget\" data-e-type=\"widget\" data-widget_type=\"heading.default\">\n\t\t\t\t\t<h1 class=\"elementor-heading-title elementor-size-default\">Soci\u00e9t\u00e9s de cr\u00e9dit en ligne EN BELGIQUE<\/h1>\t\t\t\t<\/div>\n\t\t\t\t<div class=\"elementor-element elementor-element-6ad1810 elementor-widget-divider--view-line elementor-widget elementor-widget-divider\" data-id=\"6ad1810\" data-element_type=\"widget\" data-e-type=\"widget\" data-widget_type=\"divider.default\">\n\t\t\t\t\t\t\t<div class=\"elementor-divider\">\n\t\t\t<span class=\"elementor-divider-separator\">\n\t\t\t\t\t\t<\/span>\n\t\t<\/div>\n\t\t\t\t\t\t<\/div>\n\t\t\t\t<div class=\"elementor-element elementor-element-99b7717 elementor-widget__width-inherit elementor-widget elementor-widget-heading\" data-id=\"99b7717\" data-element_type=\"widget\" data-e-type=\"widget\" data-widget_type=\"heading.default\">\n\t\t\t\t\t<h2 class=\"elementor-heading-title elementor-size-default\">d\u00e9couvrez nos partenaires en pr\u00eat immobilier et en cr\u00e9dit \u00e0 la consommation<\/h2>\t\t\t\t<\/div>\n\t\t\t\t<\/div>\n\t\t\t\t\t<\/div>\n\t\t\t\t<\/div>\n\t\t<div class=\"elementor-element elementor-element-50ace3e e-flex e-con-boxed e-con e-parent\" data-id=\"50ace3e\" data-element_type=\"container\" data-e-type=\"container\" data-settings=\"{&quot;background_background&quot;:&quot;classic&quot;}\">\n\t\t\t\t\t<div class=\"e-con-inner\">\n\t\t\t\t<div class=\"elementor-element elementor-element-a725bf9 elementor-widget__width-inherit elementor-widget elementor-widget-text-editor\" data-id=\"a725bf9\" data-element_type=\"widget\" data-e-type=\"widget\" data-widget_type=\"text-editor.default\">\n\t\t\t\t\t\t\t\t\t<p>En tant que courtier en cr\u00e9dit et en assurances, nous avons s\u00e9lectionn\u00e9 les meilleures soci\u00e9t\u00e9s de cr\u00e9dit en ligne ainsi que les meilleures compagnies d&rsquo;assurance vie et d\u00e9c\u00e8s en Belgique.<\/p>\n<p>Notre objectif est de vous offrir les meilleures conditions disponibles sur le march\u00e9 en termes de taux d&rsquo;int\u00e9r\u00eat et de couvertures telles que :<\/p>\n<ul>\n<li>Le d\u00e9c\u00e8s.<\/li>\n<li>L&rsquo;incapacit\u00e9 de travail temporaire.<\/li>\n<li>L&rsquo;invalidit\u00e9 permanente totale.<\/li>\n<li>Assurance obs\u00e8que et assurance hospitalisation.<\/li>\n<\/ul>\n<p><span style=\"color: var( --e-global-color-primary ); font-family: -apple-system, BlinkMacSystemFont, 'Segoe UI', Roboto, 'Helvetica Neue', Arial, 'Noto Sans', sans-serif, 'Apple Color Emoji', 'Segoe UI Emoji', 'Segoe UI Symbol', 'Noto Color Emoji';\"><br>Que ce soit en <\/span><a style=\"background-color: #fafafa; font-family: -apple-system, BlinkMacSystemFont, 'Segoe UI', Roboto, 'Helvetica Neue', Arial, 'Noto Sans', sans-serif, 'Apple Color Emoji', 'Segoe UI Emoji', 'Segoe UI Symbol', 'Noto Color Emoji';\" href=\"https:\/\/www.astuce-credit.be\/credit-hypothecaire\/\">cr\u00e9dit hypoth\u00e9caire<\/a><span style=\"color: var( --e-global-color-primary ); font-family: -apple-system, BlinkMacSystemFont, 'Segoe UI', Roboto, 'Helvetica Neue', Arial, 'Noto Sans', sans-serif, 'Apple Color Emoji', 'Segoe UI Emoji', 'Segoe UI Symbol', 'Noto Color Emoji';\">, en <\/span><a style=\"background-color: #fafafa; font-family: -apple-system, BlinkMacSystemFont, 'Segoe UI', Roboto, 'Helvetica Neue', Arial, 'Noto Sans', sans-serif, 'Apple Color Emoji', 'Segoe UI Emoji', 'Segoe UI Symbol', 'Noto Color Emoji';\" href=\"https:\/\/www.astuce-credit.be\/pret-a-temperament\/credit-personnel\/\">cr\u00e9dit personnel<\/a><span style=\"color: var( --e-global-color-primary ); font-family: -apple-system, BlinkMacSystemFont, 'Segoe UI', Roboto, 'Helvetica Neue', Arial, 'Noto Sans', sans-serif, 'Apple Color Emoji', 'Segoe UI Emoji', 'Segoe UI Symbol', 'Noto Color Emoji';\">, en <\/span><a style=\"background-color: #fafafa; font-family: -apple-system, BlinkMacSystemFont, 'Segoe UI', Roboto, 'Helvetica Neue', Arial, 'Noto Sans', sans-serif, 'Apple Color Emoji', 'Segoe UI Emoji', 'Segoe UI Symbol', 'Noto Color Emoji';\" href=\"https:\/\/www.astuce-credit.be\/pret-a-temperament\/regroupement-de-credit\/\">regroupement de cr\u00e9dit<\/a><span style=\"color: var( --e-global-color-primary ); font-family: -apple-system, BlinkMacSystemFont, 'Segoe UI', Roboto, 'Helvetica Neue', Arial, 'Noto Sans', sans-serif, 'Apple Color Emoji', 'Segoe UI Emoji', 'Segoe UI Symbol', 'Noto Color Emoji';\">, en <\/span><a style=\"background-color: #fafafa; font-family: -apple-system, BlinkMacSystemFont, 'Segoe UI', Roboto, 'Helvetica Neue', Arial, 'Noto Sans', sans-serif, 'Apple Color Emoji', 'Segoe UI Emoji', 'Segoe UI Symbol', 'Noto Color Emoji';\" href=\"https:\/\/www.astuce-credit.be\/credit-hypothecaire\/rachat-de-pret-hypothecaire\/\">rachat de pr\u00eat hypoth\u00e9caire<\/a><span style=\"color: var( --e-global-color-primary ); font-family: -apple-system, BlinkMacSystemFont, 'Segoe UI', Roboto, 'Helvetica Neue', Arial, 'Noto Sans', sans-serif, 'Apple Color Emoji', 'Segoe UI Emoji', 'Segoe UI Symbol', 'Noto Color Emoji';\">, en <\/span><a style=\"background-color: #fafafa; font-family: -apple-system, BlinkMacSystemFont, 'Segoe UI', Roboto, 'Helvetica Neue', Arial, 'Noto Sans', sans-serif, 'Apple Color Emoji', 'Segoe UI Emoji', 'Segoe UI Symbol', 'Noto Color Emoji';\" href=\"https:\/\/www.astuce-credit.be\/pret-a-temperament\/financement-auto\/\">financement voiture<\/a><span style=\"color: var( --e-global-color-primary ); font-family: -apple-system, BlinkMacSystemFont, 'Segoe UI', Roboto, 'Helvetica Neue', Arial, 'Noto Sans', sans-serif, 'Apple Color Emoji', 'Segoe UI Emoji', 'Segoe UI Symbol', 'Noto Color Emoji';\">&nbsp;ou en centralisation de dettes pour <\/span><a style=\"background-color: #fafafa; font-family: -apple-system, BlinkMacSystemFont, 'Segoe UI', Roboto, 'Helvetica Neue', Arial, 'Noto Sans', sans-serif, 'Apple Color Emoji', 'Segoe UI Emoji', 'Segoe UI Symbol', 'Noto Color Emoji';\" href=\"https:\/\/www.astuce-credit.be\/credit-hypothecaire\/proprietaire-en-difficulte\/\">propri\u00e9taire en difficult\u00e9<\/a><span style=\"color: var( --e-global-color-primary ); font-family: -apple-system, BlinkMacSystemFont, 'Segoe UI', Roboto, 'Helvetica Neue', Arial, 'Noto Sans', sans-serif, 'Apple Color Emoji', 'Segoe UI Emoji', 'Segoe UI Symbol', 'Noto Color Emoji';\">, nous avons LA solution.<\/span><\/p>\t\t\t\t\t\t\t\t<\/div>\n\t\t\t\t\t<\/div>\n\t\t\t\t<\/div>\n\t\t<div class=\"elementor-element elementor-element-537745a e-grid e-con-boxed e-con e-parent\" data-id=\"537745a\" data-element_type=\"container\" data-e-type=\"container\" data-settings=\"{&quot;background_background&quot;:&quot;classic&quot;}\">\n\t\t\t\t\t<div class=\"e-con-inner\">\n\t\t\t\t<div class=\"elementor-element elementor-element-59a9648 elementor-widget elementor-widget-image\" data-id=\"59a9648\" data-element_type=\"widget\" data-e-type=\"widget\" data-widget_type=\"image.default\">\n\t\t\t\t\t\t\t\t\t\t\t\t\t\t\t\t<a href=\"https:\/\/www.astuce-credit.be\/partenaires\/elantis\/\">\n\t\t\t\t\t\t\t<img decoding=\"async\" width=\"320\" height=\"144\" src=\"https:\/\/www.astuce-credit.be\/wp-content\/uploads\/2024\/06\/logo-elantis.png\" class=\"attachment-large size-large wp-image-761\" alt=\"Logo Elantis\" srcset=\"https:\/\/www.astuce-credit.be\/wp-content\/uploads\/2024\/06\/logo-elantis.png 320w, https:\/\/www.astuce-credit.be\/wp-content\/uploads\/2024\/06\/logo-elantis-300x135.png 300w\" sizes=\"(max-width: 320px) 100vw, 320px\" \/>\t\t\t\t\t\t\t\t<\/a>\n\t\t\t\t\t\t\t\t\t\t\t\t\t\t\t<\/div>\n\t\t\t\t<div class=\"elementor-element elementor-element-a957542 elementor-widget elementor-widget-image\" data-id=\"a957542\" data-element_type=\"widget\" data-e-type=\"widget\" data-widget_type=\"image.default\">\n\t\t\t\t\t\t\t\t\t\t\t\t\t\t\t\t<a href=\"https:\/\/www.astuce-credit.be\/partenaires\/cofidis\/\">\n\t\t\t\t\t\t\t<img decoding=\"async\" width=\"320\" height=\"144\" src=\"https:\/\/www.astuce-credit.be\/wp-content\/uploads\/2024\/06\/logo-cofidis.png\" class=\"attachment-large size-large wp-image-759\" alt=\"Logo Cofidis\" srcset=\"https:\/\/www.astuce-credit.be\/wp-content\/uploads\/2024\/06\/logo-cofidis.png 320w, https:\/\/www.astuce-credit.be\/wp-content\/uploads\/2024\/06\/logo-cofidis-300x135.png 300w\" sizes=\"(max-width: 320px) 100vw, 320px\" \/>\t\t\t\t\t\t\t\t<\/a>\n\t\t\t\t\t\t\t\t\t\t\t\t\t\t\t<\/div>\n\t\t\t\t<div class=\"elementor-element elementor-element-486d3ef elementor-widget elementor-widget-image\" data-id=\"486d3ef\" data-element_type=\"widget\" data-e-type=\"widget\" data-widget_type=\"image.default\">\n\t\t\t\t\t\t\t\t\t\t\t\t\t\t\t<img decoding=\"async\" width=\"320\" height=\"144\" src=\"https:\/\/www.astuce-credit.be\/wp-content\/uploads\/2024\/06\/logo-dkv.png\" class=\"attachment-large size-large wp-image-927\" alt=\"Logo Assurance Hospitalisation DKV\" srcset=\"https:\/\/www.astuce-credit.be\/wp-content\/uploads\/2024\/06\/logo-dkv.png 320w, https:\/\/www.astuce-credit.be\/wp-content\/uploads\/2024\/06\/logo-dkv-300x135.png 300w\" sizes=\"(max-width: 320px) 100vw, 320px\" \/>\t\t\t\t\t\t\t\t\t\t\t\t\t\t\t<\/div>\n\t\t\t\t<div class=\"elementor-element elementor-element-66a56bb elementor-widget elementor-widget-image\" data-id=\"66a56bb\" data-element_type=\"widget\" data-e-type=\"widget\" data-widget_type=\"image.default\">\n\t\t\t\t\t\t\t\t\t\t\t\t\t\t\t<img loading=\"lazy\" decoding=\"async\" width=\"320\" height=\"144\" src=\"https:\/\/www.astuce-credit.be\/wp-content\/uploads\/2024\/06\/logo-dela.png\" class=\"attachment-large size-large wp-image-926\" alt=\"Logo Dela Assurances Obs\u00e8ques\" srcset=\"https:\/\/www.astuce-credit.be\/wp-content\/uploads\/2024\/06\/logo-dela.png 320w, https:\/\/www.astuce-credit.be\/wp-content\/uploads\/2024\/06\/logo-dela-300x135.png 300w\" sizes=\"(max-width: 320px) 100vw, 320px\" \/>\t\t\t\t\t\t\t\t\t\t\t\t\t\t\t<\/div>\n\t\t\t\t<div class=\"elementor-element elementor-element-ec7b650 elementor-widget elementor-widget-image\" data-id=\"ec7b650\" data-element_type=\"widget\" data-e-type=\"widget\" data-widget_type=\"image.default\">\n\t\t\t\t\t\t\t\t\t\t\t\t\t\t\t\t<a href=\"https:\/\/www.astuce-credit.be\/partenaires\/afi-esca\/\">\n\t\t\t\t\t\t\t<img loading=\"lazy\" decoding=\"async\" width=\"320\" height=\"144\" src=\"https:\/\/www.astuce-credit.be\/wp-content\/uploads\/2024\/06\/logo-afi-esca.png\" class=\"attachment-large size-large wp-image-755\" alt=\"Logo Afi-Esca Belgique\" srcset=\"https:\/\/www.astuce-credit.be\/wp-content\/uploads\/2024\/06\/logo-afi-esca.png 320w, https:\/\/www.astuce-credit.be\/wp-content\/uploads\/2024\/06\/logo-afi-esca-300x135.png 300w\" sizes=\"(max-width: 320px) 100vw, 320px\" \/>\t\t\t\t\t\t\t\t<\/a>\n\t\t\t\t\t\t\t\t\t\t\t\t\t\t\t<\/div>\n\t\t\t\t<div class=\"elementor-element elementor-element-e48d51b elementor-widget elementor-widget-image\" data-id=\"e48d51b\" data-element_type=\"widget\" data-e-type=\"widget\" data-widget_type=\"image.default\">\n\t\t\t\t\t\t\t\t\t\t\t\t\t\t\t\t<a href=\"https:\/\/www.astuce-credit.be\/partenaires\/aviza\/\">\n\t\t\t\t\t\t\t<img loading=\"lazy\" decoding=\"async\" width=\"320\" height=\"144\" src=\"https:\/\/www.astuce-credit.be\/wp-content\/uploads\/2024\/06\/logo-aviza-life-insurance.png\" class=\"attachment-large size-large wp-image-756\" alt=\"Logo Aviza Life Insurance\" srcset=\"https:\/\/www.astuce-credit.be\/wp-content\/uploads\/2024\/06\/logo-aviza-life-insurance.png 320w, https:\/\/www.astuce-credit.be\/wp-content\/uploads\/2024\/06\/logo-aviza-life-insurance-300x135.png 300w\" sizes=\"(max-width: 320px) 100vw, 320px\" \/>\t\t\t\t\t\t\t\t<\/a>\n\t\t\t\t\t\t\t\t\t\t\t\t\t\t\t<\/div>\n\t\t\t\t<div class=\"elementor-element elementor-element-b98bfb0 elementor-widget elementor-widget-image\" data-id=\"b98bfb0\" data-element_type=\"widget\" data-e-type=\"widget\" data-widget_type=\"image.default\">\n\t\t\t\t\t\t\t\t\t\t\t\t\t\t\t\t<a href=\"https:\/\/www.astuce-credit.be\/partenaires\/cardif\/\">\n\t\t\t\t\t\t\t<img loading=\"lazy\" decoding=\"async\" width=\"320\" height=\"144\" src=\"https:\/\/www.astuce-credit.be\/wp-content\/uploads\/2024\/06\/logo-bnp-paribas-cardif.png\" class=\"attachment-large size-large wp-image-757\" alt=\"Logo BNP Paribas Cardif\" srcset=\"https:\/\/www.astuce-credit.be\/wp-content\/uploads\/2024\/06\/logo-bnp-paribas-cardif.png 320w, https:\/\/www.astuce-credit.be\/wp-content\/uploads\/2024\/06\/logo-bnp-paribas-cardif-300x135.png 300w\" sizes=\"(max-width: 320px) 100vw, 320px\" \/>\t\t\t\t\t\t\t\t<\/a>\n\t\t\t\t\t\t\t\t\t\t\t\t\t\t\t<\/div>\n\t\t\t\t<div class=\"elementor-element elementor-element-fba4248 elementor-widget elementor-widget-image\" data-id=\"fba4248\" data-element_type=\"widget\" data-e-type=\"widget\" data-widget_type=\"image.default\">\n\t\t\t\t\t\t\t\t\t\t\t\t\t\t\t<img loading=\"lazy\" decoding=\"async\" width=\"320\" height=\"144\" src=\"https:\/\/www.astuce-credit.be\/wp-content\/uploads\/2024\/06\/logo-hypo-partners.png\" class=\"attachment-large size-large wp-image-924\" alt=\"Logo Hypo Partners\" srcset=\"https:\/\/www.astuce-credit.be\/wp-content\/uploads\/2024\/06\/logo-hypo-partners.png 320w, https:\/\/www.astuce-credit.be\/wp-content\/uploads\/2024\/06\/logo-hypo-partners-300x135.png 300w\" sizes=\"(max-width: 320px) 100vw, 320px\" \/>\t\t\t\t\t\t\t\t\t\t\t\t\t\t\t<\/div>\n\t\t\t\t<div class=\"elementor-element elementor-element-dd9383a elementor-widget elementor-widget-image\" data-id=\"dd9383a\" data-element_type=\"widget\" data-e-type=\"widget\" data-widget_type=\"image.default\">\n\t\t\t\t\t\t\t\t\t\t\t\t\t\t\t\t<a href=\"https:\/\/www.astuce-credit.be\/partenaires\/ckv\/\">\n\t\t\t\t\t\t\t<img loading=\"lazy\" decoding=\"async\" width=\"320\" height=\"144\" src=\"https:\/\/www.astuce-credit.be\/wp-content\/uploads\/2024\/06\/logo-ckv.png\" class=\"attachment-large size-large wp-image-758\" alt=\"Logo CKV\" srcset=\"https:\/\/www.astuce-credit.be\/wp-content\/uploads\/2024\/06\/logo-ckv.png 320w, https:\/\/www.astuce-credit.be\/wp-content\/uploads\/2024\/06\/logo-ckv-300x135.png 300w\" sizes=\"(max-width: 320px) 100vw, 320px\" \/>\t\t\t\t\t\t\t\t<\/a>\n\t\t\t\t\t\t\t\t\t\t\t\t\t\t\t<\/div>\n\t\t\t\t<div class=\"elementor-element elementor-element-1d4697a elementor-widget elementor-widget-image\" data-id=\"1d4697a\" data-element_type=\"widget\" data-e-type=\"widget\" data-widget_type=\"image.default\">\n\t\t\t\t\t\t\t\t\t\t\t\t\t\t\t\t<a href=\"https:\/\/www.astuce-credit.be\/partenaires\/credimo\/\">\n\t\t\t\t\t\t\t<img loading=\"lazy\" decoding=\"async\" width=\"320\" height=\"144\" src=\"https:\/\/www.astuce-credit.be\/wp-content\/uploads\/2024\/06\/logo-credimo.png\" class=\"attachment-large size-large wp-image-760\" alt=\"Logo Credimo\" srcset=\"https:\/\/www.astuce-credit.be\/wp-content\/uploads\/2024\/06\/logo-credimo.png 320w, https:\/\/www.astuce-credit.be\/wp-content\/uploads\/2024\/06\/logo-credimo-300x135.png 300w\" sizes=\"(max-width: 320px) 100vw, 320px\" \/>\t\t\t\t\t\t\t\t<\/a>\n\t\t\t\t\t\t\t\t\t\t\t\t\t\t\t<\/div>\n\t\t\t\t\t<\/div>\n\t\t\t\t<\/div>\n\t\t\t\t<\/div>\n\t\t","protected":false},"excerpt":{"rendered":"<p>[aioseo_breadcrumbs] Soci\u00e9t\u00e9s de cr\u00e9dit en ligne EN BELGIQUE d\u00e9couvrez nos partenaires en pr\u00eat immobilier et en cr\u00e9dit \u00e0 la consommation En tant que courtier en cr\u00e9dit et en assurances, nous avons s\u00e9lectionn\u00e9 les meilleures soci\u00e9t\u00e9s de cr\u00e9dit en ligne ainsi que les meilleures compagnies d&rsquo;assurance vie et d\u00e9c\u00e8s en Belgique. Notre objectif est de vous [&hellip;]<\/p>\n","protected":false},"author":1,"featured_media":0,"parent":0,"menu_order":0,"comment_status":"closed","ping_status":"closed","template":"","meta":{"footnotes":""},"class_list":["post-733","page","type-page","status-publish","hentry"],"_links":{"self":[{"href":"https:\/\/www.astuce-credit.be\/fr\/wp-json\/wp\/v2\/pages\/733","targetHints":{"allow":["GET"]}}],"collection":[{"href":"https:\/\/www.astuce-credit.be\/fr\/wp-json\/wp\/v2\/pages"}],"about":[{"href":"https:\/\/www.astuce-credit.be\/fr\/wp-json\/wp\/v2\/types\/page"}],"author":[{"embeddable":true,"href":"https:\/\/www.astuce-credit.be\/fr\/wp-json\/wp\/v2\/users\/1"}],"replies":[{"embeddable":true,"href":"https:\/\/www.astuce-credit.be\/fr\/wp-json\/wp\/v2\/comments?post=733"}],"version-history":[{"count":0,"href":"https:\/\/www.astuce-credit.be\/fr\/wp-json\/wp\/v2\/pages\/733\/revisions"}],"wp:attachment":[{"href":"https:\/\/www.astuce-credit.be\/fr\/wp-json\/wp\/v2\/media?parent=733"}],"curies":[{"name":"wp","href":"https:\/\/api.w.org\/{rel}","templated":true}]}}