{"id":7569,"date":"2024-07-06T14:51:46","date_gmt":"2024-07-06T12:51:46","guid":{"rendered":"https:\/\/www.astuce-credit.be\/?page_id=7569"},"modified":"2025-12-16T19:30:53","modified_gmt":"2025-12-16T18:30:53","slug":"comment-introduire-une-demande-de-pret-en-ligne-en-3-etapes","status":"publish","type":"page","link":"https:\/\/www.astuce-credit.be\/fr\/faq\/comment-introduire-une-demande-de-pret-en-ligne-en-3-etapes\/","title":{"rendered":"Comment introduire une demande de pr\u00eat en ligne en 3 \u00e9tapes ?"},"content":{"rendered":"\t\t<div data-elementor-type=\"wp-page\" data-elementor-id=\"7569\" class=\"elementor elementor-7569\" data-elementor-post-type=\"page\">\n\t\t\t\t<div class=\"elementor-element elementor-element-49c90c3 e-flex e-con-boxed e-con e-parent\" data-id=\"49c90c3\" data-element_type=\"container\" data-e-type=\"container\">\n\t\t\t\t\t<div class=\"e-con-inner\">\n\t\t<div class=\"elementor-element elementor-element-421f7ef e-con-full e-flex e-con e-child\" data-id=\"421f7ef\" data-element_type=\"container\" data-e-type=\"container\">\n\t\t\t\t<div class=\"elementor-element elementor-element-3ab9666 ariane elementor-widget elementor-widget-shortcode\" data-id=\"3ab9666\" data-element_type=\"widget\" data-e-type=\"widget\" data-widget_type=\"shortcode.default\">\n\t\t\t\t\t\t\t<div class=\"elementor-shortcode\">[rank_math_breadcrumb]<\/div>\n\t\t\t\t\t\t<\/div>\n\t\t\t\t<div class=\"elementor-element elementor-element-cb2f296 elementor-widget__width-inherit elementor-widget elementor-widget-heading\" data-id=\"cb2f296\" data-element_type=\"widget\" data-e-type=\"widget\" data-widget_type=\"heading.default\">\n\t\t\t\t\t<h1 class=\"elementor-heading-title elementor-size-default\">Comment introduire une demande de pr\u00eat en ligne en 3 \u00e9tapes<\/h1>\t\t\t\t<\/div>\n\t\t\t\t<div class=\"elementor-element elementor-element-61bfb12 elementor-widget-divider--view-line elementor-widget elementor-widget-divider\" data-id=\"61bfb12\" data-element_type=\"widget\" data-e-type=\"widget\" data-widget_type=\"divider.default\">\n\t\t\t\t\t\t\t<div class=\"elementor-divider\">\n\t\t\t<span class=\"elementor-divider-separator\">\n\t\t\t\t\t\t<\/span>\n\t\t<\/div>\n\t\t\t\t\t\t<\/div>\n\t\t\t\t<div class=\"elementor-element elementor-element-6301b59 elementor-widget__width-inherit elementor-widget elementor-widget-heading\" data-id=\"6301b59\" data-element_type=\"widget\" data-e-type=\"widget\" data-widget_type=\"heading.default\">\n\t\t\t\t\t<h2 class=\"elementor-heading-title elementor-size-default\">maximisez vos chances d'obtenir une r\u00e9ponse favorable pour votre demande<\/h2>\t\t\t\t<\/div>\n\t\t\t\t<\/div>\n\t\t\t\t\t<\/div>\n\t\t\t\t<\/div>\n\t\t<div class=\"elementor-element elementor-element-5a62fd0d e-flex e-con-boxed e-con e-parent\" data-id=\"5a62fd0d\" data-element_type=\"container\" data-e-type=\"container\" data-settings=\"{&quot;background_background&quot;:&quot;classic&quot;}\">\n\t\t\t\t\t<div class=\"e-con-inner\">\n\t\t\t\t<div class=\"elementor-element elementor-element-7375b82e elementor-widget elementor-widget-text-editor\" data-id=\"7375b82e\" data-element_type=\"widget\" data-e-type=\"widget\" data-widget_type=\"text-editor.default\">\n\t\t\t\t\t\t\t\t\t<p>Lorsque vous avez pris votre d\u00e9cision d\u2019introduire votre <b>demande de pr\u00eat en ligne<\/b>, il est pr\u00e9f\u00e9rable de bien prendre son temps pour remplir le formulaire mis \u00e0 votre disposition.<\/p><p>Chaque point obligatoire qui vous est demand\u00e9 de remplir, doit \u00eatre rempli scrupuleusement avec la plus grande attention. Toute erreur pourrait nous mener vers une mauvaise interpr\u00e9tation de vos donn\u00e9es. Ce qui pourrait \u00eatre pr\u00e9judiciable quant \u00e0 la d\u00e9cision rendue dans votre dossier.<\/p><h2 class=\"wp-block-heading\"><span class=\"h3\">Demande de pr\u00eat en ligne<\/span><\/h2><p>Voici les documents que nous vous conseillons d\u2019avoir pr\u00e8s de vous pour introduire votre demande de cr\u00e9dit :<\/p><ul><li>Votre carte d\u2019identit\u00e9<\/li><li>Votre derni\u00e8re fiche de salaire<\/li><li>Votre carte bancaire<\/li><li>Vos contrats de pr\u00eat \u00e0 temp\u00e9rament<\/li><li>Dernier aper\u00e7u re\u00e7u pour chaque <a title=\"Carte de cr\u00e9dit Mastercard\" href=\"https:\/\/www.astuce-credit.be\/reserve-dargent\/mastercard-carte-de-credit\/\">carte de cr\u00e9dit<\/a><\/li><\/ul><div>\u00a0<\/div><p>L\u2019introduction de vos cr\u00e9dits en cours doit se faire avec la plus grande attention, chaque d\u00e9tail demand\u00e9 dans le formulaire doit \u00eatre rempli. Si vous commettez des erreurs, le logiciel de scoring des compagnies pourrait interpr\u00e9ter ce cr\u00e9dit comme \u00e9tant un cr\u00e9dit suppl\u00e9mentaire et donc fausser la d\u00e9cision.<\/p><h2 class=\"wp-block-heading\"><span class=\"h3\">Pour quel type de cr\u00e9dit<\/span><\/h2><p>Notre formulaire de demande de pr\u00eat en ligne est adapt\u00e9 pour les demandes de cr\u00e9dits suivants :<\/p><ul><li><a title=\"\" href=\"https:\/\/www.astuce-credit.be\/pret-a-temperament\/credit-personnel\/\">Cr\u00e9dit personnel<\/a><\/li><li><a title=\"\" href=\"https:\/\/www.astuce-credit.be\/pret-a-temperament\/financement-auto\/\">Financement auto<\/a><\/li><li><a title=\"\" href=\"https:\/\/www.astuce-credit.be\/pret-a-temperament\/financement-moto\/\">Financement moto<\/a><\/li><li><a title=\"\" href=\"https:\/\/www.astuce-credit.be\/pret-a-temperament\/financement-motorhome-et-similaires\/\">Financement motorhome et similaires<\/a><\/li><li><a title=\"Frais de notaire\" href=\"https:\/\/www.astuce-credit.be\/credit-hypothecaire\/frais-de-notaire\/\">Frais de notaire<\/a><\/li><li><a title=\"Acompte compromis de vente\" href=\"https:\/\/www.astuce-credit.be\/credit-hypothecaire\/acompte-compromis-de-vente\/\">Acompte compromis de vente<\/a><\/li><li><a href=\"https:\/\/www.astuce-credit.be\/credit-hypothecaire\/\">Cr\u00e9dit hypoth\u00e9caire<\/a><\/li><li><a title=\"Regroupement de cr\u00e9dit\" href=\"https:\/\/www.astuce-credit.be\/pret-a-temperament\/regroupement-de-credit\/\">Regroupement de cr\u00e9dit<\/a><\/li><li><a title=\"Rachat de pr\u00eat hypoth\u00e9caire\" href=\"https:\/\/www.astuce-credit.be\/credit-hypothecaire\/rachat-de-pret-hypothecaire\/\">Rachat de pr\u00eat hypoth\u00e9caire<\/a><\/li><\/ul><div>\u00a0<\/div><p><span style=\"text-align: var(--text-align); color: var( --e-global-color-primary ); font-family: -apple-system, BlinkMacSystemFont, 'Segoe UI', Roboto, 'Helvetica Neue', Arial, 'Noto Sans', sans-serif, 'Apple Color Emoji', 'Segoe UI Emoji', 'Segoe UI Symbol', 'Noto Color Emoji';\">Avant d\u2019introduire votre demande de cr\u00e9dit, nous vous conseillons d\u2019effectuer une <\/span><a style=\"text-align: var(--text-align); background-color: #fafafa; font-family: -apple-system, BlinkMacSystemFont, 'Segoe UI', Roboto, 'Helvetica Neue', Arial, 'Noto Sans', sans-serif, 'Apple Color Emoji', 'Segoe UI Emoji', 'Segoe UI Symbol', 'Noto Color Emoji';\" title=\"Simulation cr\u00e9dit\" href=\"https:\/\/www.astuce-credit.be\/simulation-credit\/\">simulation cr\u00e9dit<\/a><span style=\"text-align: var(--text-align); color: var( --e-global-color-primary ); font-family: -apple-system, BlinkMacSystemFont, 'Segoe UI', Roboto, 'Helvetica Neue', Arial, 'Noto Sans', sans-serif, 'Apple Color Emoji', 'Segoe UI Emoji', 'Segoe UI Symbol', 'Noto Color Emoji';\">. Celle-ci vous permettra de conna\u00eetre \u00e0 l\u2019avance les param\u00e8tres de votre futur cr\u00e9dit.<\/span><\/p>\t\t\t\t\t\t\t\t<\/div>\n\t\t\t\t\t<\/div>\n\t\t\t\t<\/div>\n\t\t\t\t<\/div>\n\t\t","protected":false},"excerpt":{"rendered":"<p>[rank_math_breadcrumb] Comment introduire une demande de pr\u00eat en ligne en 3 \u00e9tapes maximisez vos chances d&rsquo;obtenir une r\u00e9ponse favorable pour votre demande Lorsque vous avez pris votre d\u00e9cision d\u2019introduire votre demande de pr\u00eat en ligne, il est pr\u00e9f\u00e9rable de bien prendre son temps pour remplir le formulaire mis \u00e0 votre disposition. Chaque point obligatoire qui [&hellip;]<\/p>\n","protected":false},"author":1,"featured_media":0,"parent":879,"menu_order":0,"comment_status":"closed","ping_status":"closed","template":"","meta":{"footnotes":""},"class_list":["post-7569","page","type-page","status-publish","hentry"],"_links":{"self":[{"href":"https:\/\/www.astuce-credit.be\/fr\/wp-json\/wp\/v2\/pages\/7569","targetHints":{"allow":["GET"]}}],"collection":[{"href":"https:\/\/www.astuce-credit.be\/fr\/wp-json\/wp\/v2\/pages"}],"about":[{"href":"https:\/\/www.astuce-credit.be\/fr\/wp-json\/wp\/v2\/types\/page"}],"author":[{"embeddable":true,"href":"https:\/\/www.astuce-credit.be\/fr\/wp-json\/wp\/v2\/users\/1"}],"replies":[{"embeddable":true,"href":"https:\/\/www.astuce-credit.be\/fr\/wp-json\/wp\/v2\/comments?post=7569"}],"version-history":[{"count":0,"href":"https:\/\/www.astuce-credit.be\/fr\/wp-json\/wp\/v2\/pages\/7569\/revisions"}],"up":[{"embeddable":true,"href":"https:\/\/www.astuce-credit.be\/fr\/wp-json\/wp\/v2\/pages\/879"}],"wp:attachment":[{"href":"https:\/\/www.astuce-credit.be\/fr\/wp-json\/wp\/v2\/media?parent=7569"}],"curies":[{"name":"wp","href":"https:\/\/api.w.org\/{rel}","templated":true}]}}