{"id":7621,"date":"2024-07-06T17:34:58","date_gmt":"2024-07-06T15:34:58","guid":{"rendered":"https:\/\/www.astuce-credit.be\/?page_id=7621"},"modified":"2024-08-11T23:40:09","modified_gmt":"2024-08-11T21:40:09","slug":"frais-de-notaire-pret-personnel","status":"publish","type":"page","link":"https:\/\/www.astuce-credit.be\/fr\/faq\/frais-de-notaire-pret-personnel\/","title":{"rendered":"Puis-je emprunter les frais de notaire via un cr\u00e9dit personnel ?"},"content":{"rendered":"\t\t<div data-elementor-type=\"wp-page\" data-elementor-id=\"7621\" class=\"elementor elementor-7621\" data-elementor-post-type=\"page\">\n\t\t\t\t<div class=\"elementor-element elementor-element-db05352 e-flex e-con-boxed e-con e-parent\" data-id=\"db05352\" data-element_type=\"container\" data-e-type=\"container\">\n\t\t\t\t\t<div class=\"e-con-inner\">\n\t\t<div class=\"elementor-element elementor-element-023352e e-con-full e-flex e-con e-child\" data-id=\"023352e\" data-element_type=\"container\" data-e-type=\"container\">\n\t\t\t\t<div class=\"elementor-element elementor-element-16018f9 ariane elementor-widget elementor-widget-shortcode\" data-id=\"16018f9\" data-element_type=\"widget\" data-e-type=\"widget\" data-widget_type=\"shortcode.default\">\n\t\t\t\t\t\t\t<div class=\"elementor-shortcode\">[aioseo_breadcrumbs]<\/div>\n\t\t\t\t\t\t<\/div>\n\t\t\t\t<div class=\"elementor-element elementor-element-1307340 elementor-widget__width-inherit elementor-widget elementor-widget-heading\" data-id=\"1307340\" data-element_type=\"widget\" data-e-type=\"widget\" data-widget_type=\"heading.default\">\n\t\t\t\t\t<h1 class=\"elementor-heading-title elementor-size-default\">puis-je financer les frais de notaire via un cr\u00e9dit personnel<\/h1>\t\t\t\t<\/div>\n\t\t\t\t<div class=\"elementor-element elementor-element-eee43dd elementor-widget-divider--view-line elementor-widget elementor-widget-divider\" data-id=\"eee43dd\" data-element_type=\"widget\" data-e-type=\"widget\" data-widget_type=\"divider.default\">\n\t\t\t\t\t\t\t<div class=\"elementor-divider\">\n\t\t\t<span class=\"elementor-divider-separator\">\n\t\t\t\t\t\t<\/span>\n\t\t<\/div>\n\t\t\t\t\t\t<\/div>\n\t\t\t\t<div class=\"elementor-element elementor-element-0e48d3e elementor-widget__width-inherit elementor-widget elementor-widget-heading\" data-id=\"0e48d3e\" data-element_type=\"widget\" data-e-type=\"widget\" data-widget_type=\"heading.default\">\n\t\t\t\t\t<h2 class=\"elementor-heading-title elementor-size-default\">Il existe encore une solution si vous n'avez pas de fonds propres<\/h2>\t\t\t\t<\/div>\n\t\t\t\t<\/div>\n\t\t\t\t\t<\/div>\n\t\t\t\t<\/div>\n\t\t<div class=\"elementor-element elementor-element-128da566 e-flex e-con-boxed e-con e-parent\" data-id=\"128da566\" data-element_type=\"container\" data-e-type=\"container\">\n\t\t\t\t\t<div class=\"e-con-inner\">\n\t\t\t\t<div class=\"elementor-element elementor-element-7e27ff1e elementor-widget elementor-widget-text-editor\" data-id=\"7e27ff1e\" data-element_type=\"widget\" data-e-type=\"widget\" data-widget_type=\"text-editor.default\">\n\t\t\t\t\t\t\t\t\t<p>Nous recevons \u00e9norm\u00e9ment d&rsquo;appels concernant le financement des frais de notaire via un <a href=\"https:\/\/www.astuce-credit.be\/pret-a-temperament\/credit-personnel\/\">cr\u00e9dit personnel<\/a>. Avant l&rsquo;entr\u00e9e en vigueur de la nouvelle directive europ\u00e9enne qui a pris ses effets le 1 avril 2017, il \u00e9tait possible d&#8217;emprunter ces frais via un <a title=\"Pr\u00eat \u00e0 temp\u00e9rament\" href=\"https:\/\/www.astuce-credit.be\/pret-a-temperament\/\">pr\u00eat \u00e0 temp\u00e9rament<\/a>.<\/p><p>Aujourd&rsquo;hui, vous ne pouvez plus financer directement les frais de notaire par vos propres soins.<\/p><p>La seule solution envisageable est le <a title=\"Frais de notaire\" href=\"https:\/\/www.astuce-credit.be\/credit-hypothecaire\/frais-de-notaire\/\">pr\u00eat Family+<\/a>.<\/p><h2 class=\"wp-block-heading\">Frais de notaire et cr\u00e9dit personnel : rappel<\/h2><p>Auparavant, il \u00e9tait beaucoup plus simple d&rsquo;introduire une demande de financement pour les frais de notaire. Nous traitions ces demandes comme des demandes de cr\u00e9dit personnel. Nous obtenions, en g\u00e9n\u00e9ral, une r\u00e9ponse dans l&rsquo;heure et le montant emprunt\u00e9 \u00e9tait vers\u00e9 directement sur le compte des clients end\u00e9ans les 48 heures suivant la signature du contrat de cr\u00e9dit.<\/p><p>Le montant \u00e9tait limit\u00e9 \u00e0 15% du prix d&rsquo;achat mentionn\u00e9 dans le compromis de vente et les dur\u00e9es variaient en fonction du montant emprunt\u00e9 conform\u00e9ment \u00e0 la loi sur le cr\u00e9dit \u00e0 la consommation. En ce qui concerne le taux, celui-ci oscillait autour de 5,75% en fonction de la soci\u00e9t\u00e9 de cr\u00e9dit choisie.<\/p><h2 class=\"wp-block-heading\">Calcul frais de notaire<\/h2><p>Nous n&rsquo;avons actuellement aucun simulateur disponible pour le calcul des frais de notaire.<\/p><p>Nous vous invitons cependant \u00e0 consulter le site notaire.be, vous pourrez calculer vos frais d&rsquo;acte d&rsquo;achat mais \u00e9galement vos frais d&rsquo;inscription hypoth\u00e9caire &gt;&gt;&gt; <a href=\"https:\/\/www.notaire.be\/calcul-de-frais\">Notaire.be<\/a><\/p>\t\t\t\t\t\t\t\t<\/div>\n\t\t\t\t\t<\/div>\n\t\t\t\t<\/div>\n\t\t\t\t<\/div>\n\t\t","protected":false},"excerpt":{"rendered":"<p>[aioseo_breadcrumbs] puis-je financer les frais de notaire via un cr\u00e9dit personnel Il existe encore une solution si vous n&rsquo;avez pas de fonds propres Nous recevons \u00e9norm\u00e9ment d&rsquo;appels concernant le financement des frais de notaire via un cr\u00e9dit personnel. Avant l&rsquo;entr\u00e9e en vigueur de la nouvelle directive europ\u00e9enne qui a pris ses effets le 1 avril [&hellip;]<\/p>\n","protected":false},"author":1,"featured_media":0,"parent":879,"menu_order":0,"comment_status":"closed","ping_status":"closed","template":"","meta":{"footnotes":""},"class_list":["post-7621","page","type-page","status-publish","hentry"],"_links":{"self":[{"href":"https:\/\/www.astuce-credit.be\/fr\/wp-json\/wp\/v2\/pages\/7621","targetHints":{"allow":["GET"]}}],"collection":[{"href":"https:\/\/www.astuce-credit.be\/fr\/wp-json\/wp\/v2\/pages"}],"about":[{"href":"https:\/\/www.astuce-credit.be\/fr\/wp-json\/wp\/v2\/types\/page"}],"author":[{"embeddable":true,"href":"https:\/\/www.astuce-credit.be\/fr\/wp-json\/wp\/v2\/users\/1"}],"replies":[{"embeddable":true,"href":"https:\/\/www.astuce-credit.be\/fr\/wp-json\/wp\/v2\/comments?post=7621"}],"version-history":[{"count":0,"href":"https:\/\/www.astuce-credit.be\/fr\/wp-json\/wp\/v2\/pages\/7621\/revisions"}],"up":[{"embeddable":true,"href":"https:\/\/www.astuce-credit.be\/fr\/wp-json\/wp\/v2\/pages\/879"}],"wp:attachment":[{"href":"https:\/\/www.astuce-credit.be\/fr\/wp-json\/wp\/v2\/media?parent=7621"}],"curies":[{"name":"wp","href":"https:\/\/api.w.org\/{rel}","templated":true}]}}