{"id":7673,"date":"2024-07-06T20:05:59","date_gmt":"2024-07-06T18:05:59","guid":{"rendered":"https:\/\/www.astuce-credit.be\/?page_id=7673"},"modified":"2024-07-06T20:42:44","modified_gmt":"2024-07-06T18:42:44","slug":"puis-resilier-assurance-solde-restant-apres-signature-de-lacte-authentique","status":"publish","type":"page","link":"https:\/\/www.astuce-credit.be\/fr\/faq\/puis-resilier-assurance-solde-restant-apres-signature-de-lacte-authentique\/","title":{"rendered":"R\u00e9silier l&rsquo;assurance solde restant d\u00fb apr\u00e8s l&rsquo;acte authentique"},"content":{"rendered":"\t\t<div data-elementor-type=\"wp-page\" data-elementor-id=\"7673\" class=\"elementor elementor-7673\" data-elementor-post-type=\"page\">\n\t\t\t\t<div class=\"elementor-element elementor-element-49c90c3 e-flex e-con-boxed e-con e-parent\" data-id=\"49c90c3\" data-element_type=\"container\" data-e-type=\"container\">\n\t\t\t\t\t<div class=\"e-con-inner\">\n\t\t<div class=\"elementor-element elementor-element-421f7ef e-con-full e-flex e-con e-child\" data-id=\"421f7ef\" data-element_type=\"container\" data-e-type=\"container\">\n\t\t\t\t<div class=\"elementor-element elementor-element-3ab9666 ariane elementor-widget elementor-widget-shortcode\" data-id=\"3ab9666\" data-element_type=\"widget\" data-e-type=\"widget\" data-widget_type=\"shortcode.default\">\n\t\t\t\t\t\t\t<div class=\"elementor-shortcode\">[aioseo_breadcrumbs]<\/div>\n\t\t\t\t\t\t<\/div>\n\t\t\t\t<div class=\"elementor-element elementor-element-cb2f296 elementor-widget__width-inherit elementor-widget elementor-widget-heading\" data-id=\"cb2f296\" data-element_type=\"widget\" data-e-type=\"widget\" data-widget_type=\"heading.default\">\n\t\t\t\t\t<h1 class=\"elementor-heading-title elementor-size-default\">Puis-je r\u00e9silier mon assurance solde restant d\u00fb apr\u00e8s signature de l\u2019acte authentique ?<\/h1>\t\t\t\t<\/div>\n\t\t\t\t<div class=\"elementor-element elementor-element-61bfb12 elementor-widget-divider--view-line elementor-widget elementor-widget-divider\" data-id=\"61bfb12\" data-element_type=\"widget\" data-e-type=\"widget\" data-widget_type=\"divider.default\">\n\t\t\t\t\t\t\t<div class=\"elementor-divider\">\n\t\t\t<span class=\"elementor-divider-separator\">\n\t\t\t\t\t\t<\/span>\n\t\t<\/div>\n\t\t\t\t\t\t<\/div>\n\t\t\t\t<div class=\"elementor-element elementor-element-6301b59 elementor-widget__width-inherit elementor-widget elementor-widget-heading\" data-id=\"6301b59\" data-element_type=\"widget\" data-e-type=\"widget\" data-widget_type=\"heading.default\">\n\t\t\t\t\t<h2 class=\"elementor-heading-title elementor-size-default\">D\u00e9couvrez comment et quand r\u00e9silier votre assurance solde restant d\u00fb<\/h2>\t\t\t\t<\/div>\n\t\t\t\t<\/div>\n\t\t\t\t\t<\/div>\n\t\t\t\t<\/div>\n\t\t<div class=\"elementor-element elementor-element-5a62fd0d e-flex e-con-boxed e-con e-parent\" data-id=\"5a62fd0d\" data-element_type=\"container\" data-e-type=\"container\" data-settings=\"{&quot;background_background&quot;:&quot;classic&quot;}\">\n\t\t\t\t\t<div class=\"e-con-inner\">\n\t\t\t\t<div class=\"elementor-element elementor-element-7375b82e elementor-widget elementor-widget-text-editor\" data-id=\"7375b82e\" data-element_type=\"widget\" data-e-type=\"widget\" data-widget_type=\"text-editor.default\">\n\t\t\t\t\t\t\t\t\t<h2>R\u00e9siliation de l&rsquo;assurance apr\u00e8s l&rsquo;acte authentique<\/h2>\n<h3>V\u00e9rifiez les conditions de votre contrat<\/h3>\n<p>Il est crucial de consulter les termes et conditions de votre contrat d&rsquo;assurance pour comprendre les clauses de r\u00e9siliation. Certains contrats peuvent pr\u00e9voir des frais ou des p\u00e9nalit\u00e9s en cas de r\u00e9siliation anticip\u00e9e.<\/p>\n<h3>Informez votre pr\u00eateur<\/h3>\n<p>Avant de r\u00e9silier votre assurance, informez votre pr\u00eateur. Il est essentiel de savoir si le pr\u00eateur exige toujours une assurance solde restant d\u00fb pour maintenir les conditions de votre <a href=\"https:\/\/www.astuce-credit.be\/credit-hypothecaire\/\">cr\u00e9dit hypoth\u00e9caire<\/a>.<\/p>\n<h2>Options alternatives et d\u00e9marches \u00e0 suivre<\/h2>\n<h3>Souscrivez une nouvelle assurance<\/h3>\n<p>Si votre pr\u00eateur exige toujours une couverture, vous pouvez souscrire une nouvelle assurance solde restant d\u00fb aupr\u00e8s d&rsquo;un autre assureur. Comparez les offres pour trouver une couverture qui r\u00e9pond \u00e0 vos besoins \u00e0 un co\u00fbt comp\u00e9titif.<\/p>\n<h3>Formalisez la r\u00e9siliation<\/h3>\n<p>Si vous d\u00e9cidez de r\u00e9silier, envoyez une demande \u00e9crite \u00e0 votre assureur actuel, conform\u00e9ment aux modalit\u00e9s sp\u00e9cifi\u00e9es dans votre contrat. Assurez-vous de recevoir une confirmation \u00e9crite de la r\u00e9siliation.<\/p>\n<h2>Cons\u00e9quences financi\u00e8res et obligations<\/h2>\n<h3>Cons\u00e9quences financi\u00e8res<\/h3>\n<p>Soyez conscient des cons\u00e9quences financi\u00e8res possibles, comme l&rsquo;exigence de rembourser imm\u00e9diatement le solde restant de votre pr\u00eat si vous ne maintenez pas l&rsquo;assurance requise par votre pr\u00eateur.<\/p>\n<h3>Maintenir la conformit\u00e9<\/h3>\n<p>Il est important de discuter avec votre pr\u00eateur pour \u00e9viter toute complication financi\u00e8re lors de la r\u00e9siliation de votre assurance solde restant d\u00fb.<\/p>\t\t\t\t\t\t\t\t<\/div>\n\t\t\t\t\t<\/div>\n\t\t\t\t<\/div>\n\t\t\t\t<\/div>\n\t\t","protected":false},"excerpt":{"rendered":"<p>[aioseo_breadcrumbs] Puis-je r\u00e9silier mon assurance solde restant d\u00fb apr\u00e8s signature de l\u2019acte authentique ? D\u00e9couvrez comment et quand r\u00e9silier votre assurance solde restant d\u00fb R\u00e9siliation de l&rsquo;assurance apr\u00e8s l&rsquo;acte authentique V\u00e9rifiez les conditions de votre contrat Il est crucial de consulter les termes et conditions de votre contrat d&rsquo;assurance pour comprendre les clauses de r\u00e9siliation. [&hellip;]<\/p>\n","protected":false},"author":1,"featured_media":0,"parent":879,"menu_order":0,"comment_status":"closed","ping_status":"closed","template":"","meta":{"footnotes":""},"class_list":["post-7673","page","type-page","status-publish","hentry"],"_links":{"self":[{"href":"https:\/\/www.astuce-credit.be\/fr\/wp-json\/wp\/v2\/pages\/7673","targetHints":{"allow":["GET"]}}],"collection":[{"href":"https:\/\/www.astuce-credit.be\/fr\/wp-json\/wp\/v2\/pages"}],"about":[{"href":"https:\/\/www.astuce-credit.be\/fr\/wp-json\/wp\/v2\/types\/page"}],"author":[{"embeddable":true,"href":"https:\/\/www.astuce-credit.be\/fr\/wp-json\/wp\/v2\/users\/1"}],"replies":[{"embeddable":true,"href":"https:\/\/www.astuce-credit.be\/fr\/wp-json\/wp\/v2\/comments?post=7673"}],"version-history":[{"count":0,"href":"https:\/\/www.astuce-credit.be\/fr\/wp-json\/wp\/v2\/pages\/7673\/revisions"}],"up":[{"embeddable":true,"href":"https:\/\/www.astuce-credit.be\/fr\/wp-json\/wp\/v2\/pages\/879"}],"wp:attachment":[{"href":"https:\/\/www.astuce-credit.be\/fr\/wp-json\/wp\/v2\/media?parent=7673"}],"curies":[{"name":"wp","href":"https:\/\/api.w.org\/{rel}","templated":true}]}}