{"id":7694,"date":"2024-07-06T20:38:39","date_gmt":"2024-07-06T18:38:39","guid":{"rendered":"https:\/\/www.astuce-credit.be\/?page_id=7694"},"modified":"2024-07-06T20:48:11","modified_gmt":"2024-07-06T18:48:11","slug":"la-clause-suspensive-et-son-utilite-en-credit-hypothecaire","status":"publish","type":"page","link":"https:\/\/www.astuce-credit.be\/fr\/faq\/la-clause-suspensive-et-son-utilite-en-credit-hypothecaire\/","title":{"rendered":"La clause suspensive et son utilit\u00e9 en cr\u00e9dit hypoth\u00e9caire"},"content":{"rendered":"\t\t<div data-elementor-type=\"wp-page\" data-elementor-id=\"7694\" class=\"elementor elementor-7694\" data-elementor-post-type=\"page\">\n\t\t\t\t<div class=\"elementor-element elementor-element-49c90c3 e-flex e-con-boxed e-con e-parent\" data-id=\"49c90c3\" data-element_type=\"container\" data-e-type=\"container\">\n\t\t\t\t\t<div class=\"e-con-inner\">\n\t\t<div class=\"elementor-element elementor-element-421f7ef e-con-full e-flex e-con e-child\" data-id=\"421f7ef\" data-element_type=\"container\" data-e-type=\"container\">\n\t\t\t\t<div class=\"elementor-element elementor-element-3ab9666 ariane elementor-widget elementor-widget-shortcode\" data-id=\"3ab9666\" data-element_type=\"widget\" data-e-type=\"widget\" data-widget_type=\"shortcode.default\">\n\t\t\t\t\t\t\t<div class=\"elementor-shortcode\">[aioseo_breadcrumbs]<\/div>\n\t\t\t\t\t\t<\/div>\n\t\t\t\t<div class=\"elementor-element elementor-element-cb2f296 elementor-widget__width-inherit elementor-widget elementor-widget-heading\" data-id=\"cb2f296\" data-element_type=\"widget\" data-e-type=\"widget\" data-widget_type=\"heading.default\">\n\t\t\t\t\t<h1 class=\"elementor-heading-title elementor-size-default\">C'est quoi la clause suspensive et \u00e0 quoi sert-elle ?<\/h1>\t\t\t\t<\/div>\n\t\t\t\t<div class=\"elementor-element elementor-element-61bfb12 elementor-widget-divider--view-line elementor-widget elementor-widget-divider\" data-id=\"61bfb12\" data-element_type=\"widget\" data-e-type=\"widget\" data-widget_type=\"divider.default\">\n\t\t\t\t\t\t\t<div class=\"elementor-divider\">\n\t\t\t<span class=\"elementor-divider-separator\">\n\t\t\t\t\t\t<\/span>\n\t\t<\/div>\n\t\t\t\t\t\t<\/div>\n\t\t\t\t<div class=\"elementor-element elementor-element-6301b59 elementor-widget__width-inherit elementor-widget elementor-widget-heading\" data-id=\"6301b59\" data-element_type=\"widget\" data-e-type=\"widget\" data-widget_type=\"heading.default\">\n\t\t\t\t\t<h2 class=\"elementor-heading-title elementor-size-default\">D\u00e9couvrez l'importance et les fonctionnalit\u00e9s de la clause suspensive<\/h2>\t\t\t\t<\/div>\n\t\t\t\t<\/div>\n\t\t\t\t\t<\/div>\n\t\t\t\t<\/div>\n\t\t<div class=\"elementor-element elementor-element-5a62fd0d e-flex e-con-boxed e-con e-parent\" data-id=\"5a62fd0d\" data-element_type=\"container\" data-e-type=\"container\" data-settings=\"{&quot;background_background&quot;:&quot;classic&quot;}\">\n\t\t\t\t\t<div class=\"e-con-inner\">\n\t\t\t\t<div class=\"elementor-element elementor-element-7375b82e elementor-widget elementor-widget-text-editor\" data-id=\"7375b82e\" data-element_type=\"widget\" data-e-type=\"widget\" data-widget_type=\"text-editor.default\">\n\t\t\t\t\t\t\t\t\t<h2>D\u00e9finition de la clause suspensive<\/h2>\n<h3>Qu&rsquo;est-ce qu&rsquo;une clause suspensive ?<\/h3>\n<p>Une <b>clause suspensive<\/b> est une condition incluse dans un contrat, stipulant que l&rsquo;ex\u00e9cution de ce contrat d\u00e9pend de la r\u00e9alisation d&rsquo;un \u00e9v\u00e9nement futur et incertain. Si cet \u00e9v\u00e9nement ne se produit pas, le contrat peut \u00eatre annul\u00e9 sans p\u00e9nalit\u00e9 pour les parties impliqu\u00e9es.<\/p>\n<h3>Exemples de clauses suspensives courantes<\/h3>\n<p>Les clauses suspensives sont fr\u00e9quemment utilis\u00e9es dans les transactions immobili\u00e8res. Par exemple, une clause suspensive peut stipuler que l&rsquo;achat d&rsquo;une maison d\u00e9pend de l&rsquo;obtention d&rsquo;un <a href=\"https:\/\/www.astuce-credit.be\/credit-hypothecaire\/\">pr\u00eat hypoth\u00e9caire<\/a> par l&rsquo;acheteur. D&rsquo;autres exemples incluent l&rsquo;obtention de permis de construire ou la r\u00e9alisation d&rsquo;inspections satisfaisantes.<\/p>\n<h2>Utilit\u00e9 de la clause suspensive<\/h2>\n<h3>Protection des parties contractantes<\/h3>\n<p>La principale fonction de la clause suspensive est de prot\u00e9ger les parties contractantes. Elle assure que les parties ne sont pas oblig\u00e9es de remplir leurs obligations contractuelles si une condition essentielle n&rsquo;est pas remplie.<\/p>\n<h3>Faciliter les n\u00e9gociations<\/h3>\n<p>Les clauses suspensives permettent \u00e9galement de faciliter les n\u00e9gociations en offrant une certaine flexibilit\u00e9. Elles permettent aux parties de conclure un accord tout en ayant l&rsquo;assurance que certaines conditions critiques seront remplies avant que le contrat ne devienne pleinement contraignant.<\/p>\n<h2>Cons\u00e9quences de la non-r\u00e9alisation de la clause<\/h2>\n<h3>Annulation du contrat<\/h3>\n<p>Si la condition stipul\u00e9e dans la clause suspensive n&rsquo;est pas r\u00e9alis\u00e9e, le contrat peut \u00eatre annul\u00e9 sans p\u00e9nalit\u00e9. Cela signifie que les parties sont lib\u00e9r\u00e9es de leurs obligations et peuvent r\u00e9cup\u00e9rer les d\u00e9p\u00f4ts ou avances effectu\u00e9s.<\/p>\n<h3>Ren\u00e9gociation possible<\/h3>\n<p>Dans certains cas, la non-r\u00e9alisation de la clause suspensive peut mener \u00e0 une ren\u00e9gociation des termes du contrat. Les parties peuvent d\u00e9cider de modifier la clause ou de prolonger le d\u00e9lai pour la r\u00e9alisation de la condition.<\/p>\t\t\t\t\t\t\t\t<\/div>\n\t\t\t\t\t<\/div>\n\t\t\t\t<\/div>\n\t\t\t\t<\/div>\n\t\t","protected":false},"excerpt":{"rendered":"<p>[aioseo_breadcrumbs] C&rsquo;est quoi la clause suspensive et \u00e0 quoi sert-elle ? D\u00e9couvrez l&rsquo;importance et les fonctionnalit\u00e9s de la clause suspensive D\u00e9finition de la clause suspensive Qu&rsquo;est-ce qu&rsquo;une clause suspensive ? Une clause suspensive est une condition incluse dans un contrat, stipulant que l&rsquo;ex\u00e9cution de ce contrat d\u00e9pend de la r\u00e9alisation d&rsquo;un \u00e9v\u00e9nement futur et incertain. [&hellip;]<\/p>\n","protected":false},"author":1,"featured_media":0,"parent":879,"menu_order":0,"comment_status":"closed","ping_status":"closed","template":"","meta":{"footnotes":""},"class_list":["post-7694","page","type-page","status-publish","hentry"],"_links":{"self":[{"href":"https:\/\/www.astuce-credit.be\/fr\/wp-json\/wp\/v2\/pages\/7694","targetHints":{"allow":["GET"]}}],"collection":[{"href":"https:\/\/www.astuce-credit.be\/fr\/wp-json\/wp\/v2\/pages"}],"about":[{"href":"https:\/\/www.astuce-credit.be\/fr\/wp-json\/wp\/v2\/types\/page"}],"author":[{"embeddable":true,"href":"https:\/\/www.astuce-credit.be\/fr\/wp-json\/wp\/v2\/users\/1"}],"replies":[{"embeddable":true,"href":"https:\/\/www.astuce-credit.be\/fr\/wp-json\/wp\/v2\/comments?post=7694"}],"version-history":[{"count":0,"href":"https:\/\/www.astuce-credit.be\/fr\/wp-json\/wp\/v2\/pages\/7694\/revisions"}],"up":[{"embeddable":true,"href":"https:\/\/www.astuce-credit.be\/fr\/wp-json\/wp\/v2\/pages\/879"}],"wp:attachment":[{"href":"https:\/\/www.astuce-credit.be\/fr\/wp-json\/wp\/v2\/media?parent=7694"}],"curies":[{"name":"wp","href":"https:\/\/api.w.org\/{rel}","templated":true}]}}