{"id":7884,"date":"2024-07-08T22:11:26","date_gmt":"2024-07-08T20:11:26","guid":{"rendered":"https:\/\/www.astuce-credit.be\/?page_id=7884"},"modified":"2024-07-08T22:13:56","modified_gmt":"2024-07-08T20:13:56","slug":"chomeur-et-contentieux-possible-de-regrouper-mes-prets-personnels","status":"publish","type":"page","link":"https:\/\/www.astuce-credit.be\/fr\/faq\/chomeur-et-contentieux-possible-de-regrouper-mes-prets-personnels\/","title":{"rendered":"Ch\u00f4meur et contentieux, possible de regrouper mes pr\u00eats ?"},"content":{"rendered":"\t\t<div data-elementor-type=\"wp-page\" data-elementor-id=\"7884\" class=\"elementor elementor-7884\" data-elementor-post-type=\"page\">\n\t\t\t\t<div class=\"elementor-element elementor-element-49c90c3 e-flex e-con-boxed e-con e-parent\" data-id=\"49c90c3\" data-element_type=\"container\" data-e-type=\"container\">\n\t\t\t\t\t<div class=\"e-con-inner\">\n\t\t<div class=\"elementor-element elementor-element-421f7ef e-con-full e-flex e-con e-child\" data-id=\"421f7ef\" data-element_type=\"container\" data-e-type=\"container\">\n\t\t\t\t<div class=\"elementor-element elementor-element-3ab9666 ariane elementor-widget elementor-widget-shortcode\" data-id=\"3ab9666\" data-element_type=\"widget\" data-e-type=\"widget\" data-widget_type=\"shortcode.default\">\n\t\t\t\t\t\t\t<div class=\"elementor-shortcode\">[aioseo_breadcrumbs]<\/div>\n\t\t\t\t\t\t<\/div>\n\t\t\t\t<div class=\"elementor-element elementor-element-cb2f296 elementor-widget__width-inherit elementor-widget elementor-widget-heading\" data-id=\"cb2f296\" data-element_type=\"widget\" data-e-type=\"widget\" data-widget_type=\"heading.default\">\n\t\t\t\t\t<h1 class=\"elementor-heading-title elementor-size-default\">Ch\u00f4meur et contentieux, possible de regrouper mes pr\u00eats personnels ?<\/h1>\t\t\t\t<\/div>\n\t\t\t\t<div class=\"elementor-element elementor-element-61bfb12 elementor-widget-divider--view-line elementor-widget elementor-widget-divider\" data-id=\"61bfb12\" data-element_type=\"widget\" data-e-type=\"widget\" data-widget_type=\"divider.default\">\n\t\t\t\t\t\t\t<div class=\"elementor-divider\">\n\t\t\t<span class=\"elementor-divider-separator\">\n\t\t\t\t\t\t<\/span>\n\t\t<\/div>\n\t\t\t\t\t\t<\/div>\n\t\t\t\t<div class=\"elementor-element elementor-element-6301b59 elementor-widget__width-inherit elementor-widget elementor-widget-heading\" data-id=\"6301b59\" data-element_type=\"widget\" data-e-type=\"widget\" data-widget_type=\"heading.default\">\n\t\t\t\t\t<h2 class=\"elementor-heading-title elementor-size-default\">D\u00e9couvrez les options de regroupement de pr\u00eats pour ch\u00f4meurs au contentieux<\/h2>\t\t\t\t<\/div>\n\t\t\t\t<\/div>\n\t\t\t\t\t<\/div>\n\t\t\t\t<\/div>\n\t\t<div class=\"elementor-element elementor-element-5a62fd0d e-flex e-con-boxed e-con e-parent\" data-id=\"5a62fd0d\" data-element_type=\"container\" data-e-type=\"container\" data-settings=\"{&quot;background_background&quot;:&quot;classic&quot;}\">\n\t\t\t\t\t<div class=\"e-con-inner\">\n\t\t\t\t<div class=\"elementor-element elementor-element-7375b82e elementor-widget elementor-widget-text-editor\" data-id=\"7375b82e\" data-element_type=\"widget\" data-e-type=\"widget\" data-widget_type=\"text-editor.default\">\n\t\t\t\t\t\t\t\t\t<h2>Comprendre votre situation financi\u00e8re<\/h2><p>\u00catre au ch\u00f4mage et en situation de contentieux rend pratiquement impossible l&rsquo;acc\u00e8s aux solutions de regroupement de pr\u00eats sauf si vous \u00eates propri\u00e9taire. Les \u00e9tablissements financiers sont tr\u00e8s prudents dans l&rsquo;octroi de nouveaux cr\u00e9dits aux personnes en difficult\u00e9 financi\u00e8re. Cependant, il existe encore des options \u00e0 explorer.<\/p><h2>Solutions possibles<\/h2><h3>Consultations avec un conseiller financier<\/h3><p>Il est recommand\u00e9 de consulter un conseiller financier sp\u00e9cialis\u00e9 en gestion de dettes. Ces professionnels peuvent analyser votre situation sp\u00e9cifique et vous orienter vers les solutions adapt\u00e9es \u00e0 votre cas. Il est existe des services de m\u00e9diation sp\u00e9cialis\u00e9s et, en dernier recours, le r\u00e8glement collectif de dettes.<\/p><p>Consultez le site de l&rsquo;<b>Observatoire du Cr\u00e9dit et de l&rsquo;Endettement<\/b> pour trouver un <a href=\"https:\/\/observatoire-credit.be\/fr\/prestataires\">service de m\u00e9diation de dettes<\/a>\u00a0ou le site de l&rsquo;<b>AVIQ<\/b> pour obtenir des informations sur la <a href=\"https:\/\/aviqkid.aviq.be\/Pages\/themes\/articles\/beneficiary-debt-mediation-theory-periods_of_collective_debt_mediation_procedure.aspx#\">proc\u00e9dure de r\u00e8glement collectif de dettes<\/a>.<\/p><h3>Regroupement de pr\u00eats avec garantie<\/h3><p>Certaines institutions financi\u00e8res peuvent accepter de regrouper vos pr\u00eats personnels si vous pouvez offrir une garantie, comme un bien immobilier. Cette garantie r\u00e9duit le risque pour le pr\u00eateur et peut faciliter l&rsquo;acceptation de votre demande.<\/p><p>Nous vous invitions \u00e0 consulter notre page d\u00e9di\u00e9e aux <a href=\"https:\/\/www.astuce-credit.be\/credit-hypothecaire\/proprietaire-en-difficulte\/\">propri\u00e9taires en difficult\u00e9<\/a>.<\/p><h3>Interventions des organismes d&rsquo;aide<\/h3><p>Des organismes d&rsquo;aide aux personnes en difficult\u00e9 financi\u00e8re, tels que les centres publics d&rsquo;action sociale (CPAS) en Belgique, peuvent vous aider \u00e0 n\u00e9gocier avec vos cr\u00e9anciers et trouver des solutions de paiement adapt\u00e9es \u00e0 votre situation.<\/p><h2>Pr\u00e9paration de votre dossier<\/h2><h3>Rassembler les documents n\u00e9cessaires<\/h3><p>Pr\u00e9parez un dossier complet avec tous les documents relatifs \u00e0 votre situation financi\u00e8re : relev\u00e9s de comptes, avis de contentieux, preuves de revenus (indemnit\u00e9s de ch\u00f4mage), etc. Un dossier bien pr\u00e9par\u00e9 peut faciliter les discussions avec les conseillers financiers et les pr\u00eateurs.<\/p><h3>Strat\u00e9gies de n\u00e9gociation<\/h3><p>Soyez pr\u00eat \u00e0 discuter et \u00e0 n\u00e9gocier avec vos cr\u00e9anciers actuels. Parfois, ils peuvent accepter de r\u00e9\u00e9chelonner vos dettes ou de r\u00e9duire les int\u00e9r\u00eats pour faciliter le remboursement.<\/p><h2>Cons\u00e9quences et pr\u00e9cautions<\/h2><h3>\u00c9valuation des risques<\/h3><p>Avant de proc\u00e9der \u00e0 un regroupement de pr\u00eats, \u00e9valuez soigneusement les conditions propos\u00e9es. Assurez-vous que la nouvelle mensualit\u00e9 est r\u00e9ellement adapt\u00e9e \u00e0 votre budget pour \u00e9viter une aggravation de votre situation financi\u00e8re.<\/p><p>Dans tous les cas, la nouvelle mensualit\u00e9 de votre regroupement de pr\u00eats doit \u00eatre largement inf\u00e9rieure \u00e0 vos mensualit\u00e9s actuelles.<\/p><h3>Suivi et gestion budg\u00e9taire<\/h3><p>Apr\u00e8s le regroupement de vos pr\u00eats, il est crucial de suivre votre budget de pr\u00e8s et de respecter les \u00e9ch\u00e9ances de paiement pour \u00e9viter tout nouveau contentieux.<\/p>\t\t\t\t\t\t\t\t<\/div>\n\t\t\t\t\t<\/div>\n\t\t\t\t<\/div>\n\t\t\t\t<\/div>\n\t\t","protected":false},"excerpt":{"rendered":"<p>[aioseo_breadcrumbs] Ch\u00f4meur et contentieux, possible de regrouper mes pr\u00eats personnels ? D\u00e9couvrez les options de regroupement de pr\u00eats pour ch\u00f4meurs au contentieux Comprendre votre situation financi\u00e8re \u00catre au ch\u00f4mage et en situation de contentieux rend pratiquement impossible l&rsquo;acc\u00e8s aux solutions de regroupement de pr\u00eats sauf si vous \u00eates propri\u00e9taire. Les \u00e9tablissements financiers sont tr\u00e8s prudents [&hellip;]<\/p>\n","protected":false},"author":1,"featured_media":0,"parent":879,"menu_order":0,"comment_status":"closed","ping_status":"closed","template":"","meta":{"footnotes":""},"class_list":["post-7884","page","type-page","status-publish","hentry"],"_links":{"self":[{"href":"https:\/\/www.astuce-credit.be\/fr\/wp-json\/wp\/v2\/pages\/7884","targetHints":{"allow":["GET"]}}],"collection":[{"href":"https:\/\/www.astuce-credit.be\/fr\/wp-json\/wp\/v2\/pages"}],"about":[{"href":"https:\/\/www.astuce-credit.be\/fr\/wp-json\/wp\/v2\/types\/page"}],"author":[{"embeddable":true,"href":"https:\/\/www.astuce-credit.be\/fr\/wp-json\/wp\/v2\/users\/1"}],"replies":[{"embeddable":true,"href":"https:\/\/www.astuce-credit.be\/fr\/wp-json\/wp\/v2\/comments?post=7884"}],"version-history":[{"count":0,"href":"https:\/\/www.astuce-credit.be\/fr\/wp-json\/wp\/v2\/pages\/7884\/revisions"}],"up":[{"embeddable":true,"href":"https:\/\/www.astuce-credit.be\/fr\/wp-json\/wp\/v2\/pages\/879"}],"wp:attachment":[{"href":"https:\/\/www.astuce-credit.be\/fr\/wp-json\/wp\/v2\/media?parent=7884"}],"curies":[{"name":"wp","href":"https:\/\/api.w.org\/{rel}","templated":true}]}}