{"id":878,"date":"2024-06-19T19:58:09","date_gmt":"2024-06-19T19:58:09","guid":{"rendered":"https:\/\/www.astuce-credit.be\/?page_id=878"},"modified":"2025-12-17T21:00:17","modified_gmt":"2025-12-17T20:00:17","slug":"reclamation","status":"publish","type":"page","link":"https:\/\/www.astuce-credit.be\/fr\/reclamation\/","title":{"rendered":"Plaintes et r\u00e9clamation"},"content":{"rendered":"\t\t<div data-elementor-type=\"wp-page\" data-elementor-id=\"878\" class=\"elementor elementor-878\" data-elementor-post-type=\"page\">\n\t\t\t\t<div class=\"elementor-element elementor-element-03c8171 e-flex e-con-boxed e-con e-parent\" data-id=\"03c8171\" data-element_type=\"container\" data-e-type=\"container\">\n\t\t\t\t\t<div class=\"e-con-inner\">\n\t\t<div class=\"elementor-element elementor-element-c1ea082 e-con-full e-flex e-con e-child\" data-id=\"c1ea082\" data-element_type=\"container\" data-e-type=\"container\">\n\t\t\t\t<div class=\"elementor-element elementor-element-edd04fd elementor-widget elementor-widget-shortcode\" data-id=\"edd04fd\" data-element_type=\"widget\" data-e-type=\"widget\" data-widget_type=\"shortcode.default\">\n\t\t\t\t\t\t\t<div class=\"elementor-shortcode\">[rank_math_breadcrumb]<\/div>\n\t\t\t\t\t\t<\/div>\n\t\t\t\t<div class=\"elementor-element elementor-element-dbcda0b elementor-widget__width-inherit elementor-widget elementor-widget-heading\" data-id=\"dbcda0b\" data-element_type=\"widget\" data-e-type=\"widget\" data-widget_type=\"heading.default\">\n\t\t\t\t\t<h1 class=\"elementor-heading-title elementor-size-default\">plaintes et r\u00e9clamation<\/h1>\t\t\t\t<\/div>\n\t\t\t\t<div class=\"elementor-element elementor-element-f45860e elementor-widget-divider--view-line elementor-widget elementor-widget-divider\" data-id=\"f45860e\" data-element_type=\"widget\" data-e-type=\"widget\" data-widget_type=\"divider.default\">\n\t\t\t\t\t\t\t<div class=\"elementor-divider\">\n\t\t\t<span class=\"elementor-divider-separator\">\n\t\t\t\t\t\t<\/span>\n\t\t<\/div>\n\t\t\t\t\t\t<\/div>\n\t\t\t\t<\/div>\n\t\t\t\t\t<\/div>\n\t\t\t\t<\/div>\n\t\t<div class=\"elementor-element elementor-element-abc8b4c e-flex e-con-boxed e-con e-parent\" data-id=\"abc8b4c\" data-element_type=\"container\" data-e-type=\"container\" data-settings=\"{&quot;background_background&quot;:&quot;classic&quot;}\">\n\t\t\t\t\t<div class=\"e-con-inner\">\n\t\t\t\t<div class=\"elementor-element elementor-element-70a4fb7 elementor-widget elementor-widget-text-editor\" data-id=\"70a4fb7\" data-element_type=\"widget\" data-e-type=\"widget\" data-widget_type=\"text-editor.default\">\n\t\t\t\t\t\t\t\t\t<p>Notre mission est de&nbsp;r\u00e9pondre au mieux aux&nbsp;besoins de nos clients. Toutefois, si vous ne deviez&nbsp;pas \u00eatre satisfait de nos services et dans&nbsp;le cas o\u00f9 vous voudriez introduire une r\u00e9clamation \u00e0 notre encontre, il est toujours conseill\u00e9 d\u2019appeler, en premier lieu, notre bureau et cela que vous soyez une personne physique ou une personne morale.<\/p>\n<p>Si la mani\u00e8re dont nous traitons votre plainte ne vous satisfait pas ou si nous ne parvenons pas \u00e0 r\u00e9soudre le probl\u00e8me d\u2019un commun accord, nous vous conseillons de contacter directement l\u2019organisme de cr\u00e9dit concern\u00e9 et d\u2019introduire aupr\u00e8s de leur service une r\u00e9clamation.<\/p>\n<p>Vous trouverez, ci-dessous,&nbsp;les coordonn\u00e9es de chaque compagnie avec lesquelles nous collaborons.<\/p>\n<h2>Hypo &amp; Partners SRL<\/h2>\n<p>Par email : <a href=\"mailto:benoit@hypopartners.be\">benoit@hypopartners.be<\/a><\/p>\n<p>Par courrier :<\/p>\n<p><strong>Hypo &amp; Partners SRL<\/strong><br>Chauss\u00e9e de la Hulpe, 150<br>1170 Watermael-Boitsfort<\/p>\n<h2>Creafin<\/h2>\n<p>Par email :&nbsp;<a href=\"mailto:info@creafin.be\" target=\"_self\">info@creafin.be<\/a><\/p>\n<p>Par courier :<\/p>\n<p><strong>Creafin N.V.<\/strong><br>Duwijckstraat 17<br>2520 Lier<\/p>\n<p>Via le formulaire Web en ligne :&nbsp;<a href=\"http:\/\/www.creafin.be\/fr\/formulairereclamation\" target=\"_self\">r\u00e9clamation Creafin<\/a><\/p>\n<h2>Credimo<\/h2>\n<p>Par email :&nbsp;<a href=\"mailto:info@credimo.be\" target=\"_self\">info@credimo.be<\/a><\/p>\n<p>Par courrier :<\/p>\n<p><strong>Credimo N.V.<\/strong><br>Weversstraat 6-10<br>1730 Asse<\/p>\n<p>Via le formulaire Web en ligne :&nbsp;<a href=\"https:\/\/www.credimo.be\/fr\/contactez-nous\/\" target=\"_self\">r\u00e9clamation Credimo<\/a><\/p>\n<h2>Bank B<\/h2>\n<p>Par email :&nbsp;<a href=\"mailto:klachten@ckv.be\" target=\"_self\">klachten@ckv.be<\/a><\/p>\n<p>Par courier :<\/p>\n<p><b>Bank b NV<br><\/b>Service des plaintes<br>Mannebeekstraat 33<br>8790 Waregem<\/p>\n<p>Par t\u00e9l\u00e9phone : 056.62.92.88<br>Par fax : 056.62.92.89<\/p>\n<p>Si vous ne parvenez pas \u00e0 r\u00e9soudre votre probl\u00e8me avec l\u2019organisme de cr\u00e9dit ou si tout simplement vous n\u2019\u00eates pas d\u2019accord avec la mani\u00e8re dont&nbsp;a \u00e9t\u00e9 trait\u00e9e votre demande, vous pouvez toujours vous adresser \u00e0 l\u2019Ombusfin.<\/p>\n<h2>Ombudsfin<\/h2>\n<p>Ombudsman en conflits financiers<\/p>\n<p>Par email :&nbsp;<a href=\"mailto:ombudsman@ombudsfin.be\" target=\"_self\">ombudsman@ombudsfin.be<\/a><\/p>\n<p>Par courier :<\/p>\n<p><span style=\"font-weight: 700;\">Jean CATTARUZZA<\/span>, Ombudsman<br>North Gate II, Boulevard du Roi Albert II 8, bo\u00eete 2<br>1000 Bruxelles<\/p><p>T\u00e9l : +32 2 545 77 70<br><span style=\"font-family: -apple-system, BlinkMacSystemFont, &quot;Segoe UI&quot;, Roboto, &quot;Helvetica Neue&quot;, Arial, &quot;Noto Sans&quot;, sans-serif, &quot;Apple Color Emoji&quot;, &quot;Segoe UI Emoji&quot;, &quot;Segoe UI Symbol&quot;, &quot;Noto Color Emoji&quot;;\">Email :&nbsp;<\/span><a href=\"mailto:ombudsman@ombudsfin.be\" target=\"_self\" style=\"background-color: rgb(255, 255, 255); color: rgb(78, 188, 216); font-family: -apple-system, BlinkMacSystemFont, &quot;Segoe UI&quot;, Roboto, &quot;Helvetica Neue&quot;, Arial, &quot;Noto Sans&quot;, sans-serif, &quot;Apple Color Emoji&quot;, &quot;Segoe UI Emoji&quot;, &quot;Segoe UI Symbol&quot;, &quot;Noto Color Emoji&quot;;\">ombudsman@ombudsfin.be<\/a><\/p><p>Pour plus d\u2019information, le client peut consulter le site officiel de l\u2019<a href=\"https:\/\/www.ombudsfin.be\/fr\/\" style=\"color: rgb(78, 188, 216);\">Ombudsfin<\/a>.<\/p>\t\t\t\t\t\t\t\t<\/div>\n\t\t\t\t\t<\/div>\n\t\t\t\t<\/div>\n\t\t\t\t<\/div>\n\t\t","protected":false},"excerpt":{"rendered":"<p>[rank_math_breadcrumb] plaintes et r\u00e9clamation Notre mission est de&nbsp;r\u00e9pondre au mieux aux&nbsp;besoins de nos clients. Toutefois, si vous ne deviez&nbsp;pas \u00eatre satisfait de nos services et dans&nbsp;le cas o\u00f9 vous voudriez introduire une r\u00e9clamation \u00e0 notre encontre, il est toujours conseill\u00e9 d\u2019appeler, en premier lieu, notre bureau et cela que vous soyez une personne physique ou [&hellip;]<\/p>\n","protected":false},"author":1,"featured_media":0,"parent":0,"menu_order":0,"comment_status":"closed","ping_status":"closed","template":"","meta":{"footnotes":""},"class_list":["post-878","page","type-page","status-publish","hentry"],"_links":{"self":[{"href":"https:\/\/www.astuce-credit.be\/fr\/wp-json\/wp\/v2\/pages\/878","targetHints":{"allow":["GET"]}}],"collection":[{"href":"https:\/\/www.astuce-credit.be\/fr\/wp-json\/wp\/v2\/pages"}],"about":[{"href":"https:\/\/www.astuce-credit.be\/fr\/wp-json\/wp\/v2\/types\/page"}],"author":[{"embeddable":true,"href":"https:\/\/www.astuce-credit.be\/fr\/wp-json\/wp\/v2\/users\/1"}],"replies":[{"embeddable":true,"href":"https:\/\/www.astuce-credit.be\/fr\/wp-json\/wp\/v2\/comments?post=878"}],"version-history":[{"count":0,"href":"https:\/\/www.astuce-credit.be\/fr\/wp-json\/wp\/v2\/pages\/878\/revisions"}],"wp:attachment":[{"href":"https:\/\/www.astuce-credit.be\/fr\/wp-json\/wp\/v2\/media?parent=878"}],"curies":[{"name":"wp","href":"https:\/\/api.w.org\/{rel}","templated":true}]}}