{"id":880,"date":"2024-06-19T19:58:10","date_gmt":"2024-06-19T19:58:10","guid":{"rendered":"https:\/\/www.astuce-credit.be\/?page_id=880"},"modified":"2025-12-17T20:55:02","modified_gmt":"2025-12-17T19:55:02","slug":"intermediation","status":"publish","type":"page","link":"https:\/\/www.astuce-credit.be\/fr\/intermediation\/","title":{"rendered":"Interm\u00e9diation"},"content":{"rendered":"\t\t<div data-elementor-type=\"wp-page\" data-elementor-id=\"880\" class=\"elementor elementor-880\" data-elementor-post-type=\"page\">\n\t\t\t\t<div class=\"elementor-element elementor-element-da38aa4 e-flex e-con-boxed e-con e-parent\" data-id=\"da38aa4\" data-element_type=\"container\" data-e-type=\"container\">\n\t\t\t\t\t<div class=\"e-con-inner\">\n\t\t<div class=\"elementor-element elementor-element-26da3a8 e-con-full e-flex e-con e-child\" data-id=\"26da3a8\" data-element_type=\"container\" data-e-type=\"container\">\n\t\t\t\t<div class=\"elementor-element elementor-element-5357cd3 elementor-widget elementor-widget-shortcode\" data-id=\"5357cd3\" data-element_type=\"widget\" data-e-type=\"widget\" data-widget_type=\"shortcode.default\">\n\t\t\t\t\t\t\t<div class=\"elementor-shortcode\">[rank_math_breadcrumb]<\/div>\n\t\t\t\t\t\t<\/div>\n\t\t\t\t<div class=\"elementor-element elementor-element-2614c66 elementor-widget__width-inherit elementor-widget elementor-widget-heading\" data-id=\"2614c66\" data-element_type=\"widget\" data-e-type=\"widget\" data-widget_type=\"heading.default\">\n\t\t\t\t\t<h1 class=\"elementor-heading-title elementor-size-default\">interm\u00e9diation en cr\u00e9dit hypoth\u00e9caire<\/h1>\t\t\t\t<\/div>\n\t\t\t\t<div class=\"elementor-element elementor-element-0423a51 elementor-widget-divider--view-line elementor-widget elementor-widget-divider\" data-id=\"0423a51\" data-element_type=\"widget\" data-e-type=\"widget\" data-widget_type=\"divider.default\">\n\t\t\t\t\t\t\t<div class=\"elementor-divider\">\n\t\t\t<span class=\"elementor-divider-separator\">\n\t\t\t\t\t\t<\/span>\n\t\t<\/div>\n\t\t\t\t\t\t<\/div>\n\t\t\t\t<\/div>\n\t\t\t\t\t<\/div>\n\t\t\t\t<\/div>\n\t\t<div class=\"elementor-element elementor-element-129cee7 e-flex e-con-boxed e-con e-parent\" data-id=\"129cee7\" data-element_type=\"container\" data-e-type=\"container\" data-settings=\"{&quot;background_background&quot;:&quot;classic&quot;}\">\n\t\t\t\t\t<div class=\"e-con-inner\">\n\t\t\t\t<div class=\"elementor-element elementor-element-9315fc9 elementor-widget elementor-widget-text-editor\" data-id=\"9315fc9\" data-element_type=\"widget\" data-e-type=\"widget\" data-widget_type=\"text-editor.default\">\n\t\t\t\t\t\t\t\t\t<h2>Identit\u00e9 de l\u2019interm\u00e9diaire en cr\u00e9dit<\/h2><ul><li>Astuce Cr\u00e9dit srl<\/li><li>Si\u00e8ge social : Rue Surfosse 2 &#8211; 4577 Modave &#8211; Belgique<\/li><li>T\u00e9l : +32 85 600 200<\/li><li>Web :\u00a0<a href=\"https:\/\/www.astuce-credit.be\/\" target=\"_self\">Astuce Cr\u00e9dit<\/a><\/li><\/ul><div>\u00a0<\/div><h2>Enregistrement de l\u2019interm\u00e9diaire en cr\u00e9dit<\/h2><p>Notre bureau est enregistr\u00e9 sous le num\u00e9ro d\u2019entreprise BE0871.666.249 aupr\u00e8s du registre des interm\u00e9diaires en cr\u00e9dit hypoth\u00e9caire.<\/p><p>Cette inscription peut \u00eatre v\u00e9rifi\u00e9e via ce site : <a href=\"https:\/\/www.fsma.be\/fr\/verifiez-votre-fournisseur\">fsma.be<\/a>.<br \/><br \/><\/p><h2>Statut de l\u2019interm\u00e9diaire en cr\u00e9dit<\/h2><p>En tant que courtier en cr\u00e9dit, nous ne sommes li\u00e9s \u00e0 aucune compagnie.<\/p><p>Nous travaillons en collaboration avec la cellule hypoth\u00e9caire HypoPartnres.<\/p><p>Cette cellule nous donne acc\u00e8s aux compagnies suivantes :<\/p><ul><li>Elantis<\/li><li>Record Bank<\/li><li>BNP<\/li><li>Creafin<\/li><li><span style=\"background-color: transparent; text-align: var(--text-align); color: var( --e-global-color-primary ); font-family: -apple-system, BlinkMacSystemFont, 'Segoe UI', Roboto, 'Helvetica Neue', Arial, 'Noto Sans', sans-serif, 'Apple Color Emoji', 'Segoe UI Emoji', 'Segoe UI Symbol', 'Noto Color Emoji';\">Europabank<\/span><\/li><li>Bank b<\/li><li>Credimo<\/li><li>Allianz<\/li><li>CFCAL<\/li><li>HypoStart (cr\u00e9dit social)<\/li><\/ul><div>\u00a0<\/div><h2>Proc\u00e9dure de traitement des r\u00e9clamations<\/h2><p>Tous les clients, aussi bien les personnes physiques que les personnes morales, ont la possibilit\u00e9 de faire appel au service de r\u00e9clamations de l\u2019organisme de cr\u00e9dit. En principe, la proc\u00e9dure de traitement des r\u00e9clamations est disponible sur le site de chaque organismes.<\/p><p>Le client peut en premier lieu contacter l\u2019interm\u00e9diaire de cr\u00e9dit afin de r\u00e9soudre le probl\u00e8me.<\/p><p>Si la r\u00e9ponse du service interne ou de l\u2019interm\u00e9diaire ne r\u00e9pond pas aux attentes du client, celui-ci peut directement s\u2019adresser \u00e0 l\u2019ombudsman sp\u00e9cifique aux affaires financi\u00e8res (Ombudsfin) qui a autorit\u00e9 pour le r\u00e8glement des litiges.<\/p><p>Apr\u00e8s examen de la recevabilit\u00e9 et de la l\u00e9gitimit\u00e9 de la plainte, l\u2019Ombudsfin se prononcera sous la forme d\u2019un avis. Hormis tout ce qui concerne les litiges relatifs au service bancaire de base, ces ne sont pas contraignants.<br \/><br \/><\/p><h2>Ombudsfin<\/h2><p><b>Jean CATTARUZZA<\/b>, Ombudsman<br \/>North Gate II, Boulevard du Roi Albert II 8, bo\u00eete 2<br \/>1000 Bruxelles<\/p><p>T\u00e9l : +32 2 545 77 70<br \/><span style=\"font-family: -apple-system, BlinkMacSystemFont, 'Segoe UI', Roboto, 'Helvetica Neue', Arial, 'Noto Sans', sans-serif, 'Apple Color Emoji', 'Segoe UI Emoji', 'Segoe UI Symbol', 'Noto Color Emoji';\">Email :\u00a0<\/span><a style=\"background-color: #ffffff; font-family: -apple-system, BlinkMacSystemFont, 'Segoe UI', Roboto, 'Helvetica Neue', Arial, 'Noto Sans', sans-serif, 'Apple Color Emoji', 'Segoe UI Emoji', 'Segoe UI Symbol', 'Noto Color Emoji';\" href=\"mailto:ombudsman@ombudsfin.be\" target=\"_self\">ombudsman@ombudsfin.be<\/a><\/p><p>Pour plus d\u2019information, le client peut consulter le site officiel de l\u2019<a href=\"https:\/\/www.ombudsfin.be\/fr\/\">Ombudsfin<\/a>.<br \/><br \/><\/p><h2>R\u00e9mun\u00e9ration sous forme de commission<\/h2><p>Pour leur interm\u00e9diation, les interm\u00e9diaires de cr\u00e9dit re\u00e7oivent une r\u00e9mun\u00e9ration (commission) qui n\u2019est pas encore connue. Le montant effectif sera mentionn\u00e9 sur le document appel\u00e9 ESIS. Ce dernier sera transmis au client avant la conclusion de la convention d\u2019accord de cr\u00e9dit, autrement dit, avant la signature des offres de cr\u00e9dit.<\/p><p>Le client a le droit de demander toute information \u00e0 l\u2019interm\u00e9diaire de cr\u00e9dit en ce qui concerne la variation et la hauteur de la r\u00e9mun\u00e9ration (commission) qui est vers\u00e9e par les diff\u00e9rents organismes de cr\u00e9dit qui fournissent les offres aux consommateurs.<\/p><p>L\u2019interm\u00e9diaire doit fournir ces informations au consommateur \u00e0 se demande.<\/p>\t\t\t\t\t\t\t\t<\/div>\n\t\t\t\t\t<\/div>\n\t\t\t\t<\/div>\n\t\t\t\t<\/div>\n\t\t","protected":false},"excerpt":{"rendered":"<p>[rank_math_breadcrumb] interm\u00e9diation en cr\u00e9dit hypoth\u00e9caire Identit\u00e9 de l\u2019interm\u00e9diaire en cr\u00e9dit Astuce Cr\u00e9dit srl Si\u00e8ge social : Rue Surfosse 2 &#8211; 4577 Modave &#8211; Belgique T\u00e9l : +32 85 600 200 Web :\u00a0Astuce Cr\u00e9dit \u00a0 Enregistrement de l\u2019interm\u00e9diaire en cr\u00e9dit Notre bureau est enregistr\u00e9 sous le num\u00e9ro d\u2019entreprise BE0871.666.249 aupr\u00e8s du registre des interm\u00e9diaires en cr\u00e9dit [&hellip;]<\/p>\n","protected":false},"author":1,"featured_media":0,"parent":0,"menu_order":0,"comment_status":"closed","ping_status":"closed","template":"","meta":{"footnotes":""},"class_list":["post-880","page","type-page","status-publish","hentry"],"_links":{"self":[{"href":"https:\/\/www.astuce-credit.be\/fr\/wp-json\/wp\/v2\/pages\/880","targetHints":{"allow":["GET"]}}],"collection":[{"href":"https:\/\/www.astuce-credit.be\/fr\/wp-json\/wp\/v2\/pages"}],"about":[{"href":"https:\/\/www.astuce-credit.be\/fr\/wp-json\/wp\/v2\/types\/page"}],"author":[{"embeddable":true,"href":"https:\/\/www.astuce-credit.be\/fr\/wp-json\/wp\/v2\/users\/1"}],"replies":[{"embeddable":true,"href":"https:\/\/www.astuce-credit.be\/fr\/wp-json\/wp\/v2\/comments?post=880"}],"version-history":[{"count":0,"href":"https:\/\/www.astuce-credit.be\/fr\/wp-json\/wp\/v2\/pages\/880\/revisions"}],"wp:attachment":[{"href":"https:\/\/www.astuce-credit.be\/fr\/wp-json\/wp\/v2\/media?parent=880"}],"curies":[{"name":"wp","href":"https:\/\/api.w.org\/{rel}","templated":true}]}}